{"id":1094,"date":"2020-01-27T14:25:58","date_gmt":"2020-01-27T14:25:58","guid":{"rendered":"https:\/\/agency-11.com\/home-v3-copy\/"},"modified":"2023-03-22T17:43:55","modified_gmt":"2023-03-22T17:43:55","slug":"web-wordpress-design-build","status":"publish","type":"page","link":"https:\/\/agency-11.com\/de\/web-wordpress-design-build\/","title":{"rendered":"Web- und WordPress-Design &amp; -Entwicklung"},"content":{"rendered":"<p>Service<\/p>\n\n\t<p><img decoding=\"async\" src=\"\/wp-content\/uploads\/2020\/02\/services-web-SVG3.svg\" alt=\"\" \/><\/p>\n  <!-- css generated icon -->\n    scrollen\n\t<h4> UX\/UI-Design &amp; Entwicklung<br \/>\n Webdesign<br \/>\n Mobile Design<br \/>\n  E-Commerce-Design<\/h4>\n\t<h4>Eine starke Online-Pr\u00e4senz ist f\u00fcr den Erfolg jedes Unternehmens unerl\u00e4sslich. Mit einer umfassenden Strategie k\u00f6nnen Sie die Wahrnehmung ver\u00e4ndern, Ihr Wertversprechen optimieren und Interessenten in tats\u00e4chliche Kunden verwandeln.<\/h4>\n\t<h4>Ihre Website ist Ihre erste Chance, einen guten Eindruck zu hinterlassen. Sorgen Sie daher f\u00fcr ein ansprechendes Design, eine intuitive Bedienung und aussagekr\u00e4ftige Inhalte. Unsere Entwickler und Designer bringen technisches Know-how und gestalterisches Gesp\u00fcr in jedes Projekt ein.<\/h4>\n\t<h4><strong>Verwalten Sie Ihre Inhalte<\/strong><\/h4>\n<p>Wir lieben WordPress, und Sie werden es auch lieben, wenn Sie sehen, wie einfach es ist, Ihre Inhalte und Bilder von \u00fcberall auf der Welt zu aktualisieren.<\/p>\n\t<h4><strong>Vollst\u00e4ndig responsiv<\/strong><\/h4>\n<p>Device compatibility is a must. Whether your customer uses a desktop, a mobile or a tablet, they&#8217;ll reap the rewards of our accessible, user-focused designs.<\/p>\n\t<h4><strong>Ma\u00dfgeschneiderte Entwicklung<\/strong><\/h4>\n<p>We don&#8217;t believe in &#8220;one size fits all&#8221;. Your website will be designed from scratch to meet your exact specifications and objectives.<\/p>\n\t<h4><strong>Browser\u00fcbergreifende Kompatibilit\u00e4t<\/strong><\/h4>\n<p>Chrome, Firefox, Safari or Internet Explorer. No matter the browsers you or your customers use, we&#8217;ll test and test again to make sure your site looks the part and functions correctly at all times.<\/p>\n\t<a href=\"\/de\/contact-us\/\">\n        Kontaktieren Sie uns jetzt\n<\/a>\n\t<p>Auswahl unserer Arbeiten<\/p>\n<h3>We combine our business, design, and engineering expertise to deliver a digital experience that is delightful to use, and increases our customers&#8217; business value.<\/h3>\n    <a href=\"\/de\/our-services\/\">\n            Alle anzeigen\n    <\/a>","protected":false},"excerpt":{"rendered":"<p>service scroll UX\/UI Design &amp; Development Website Design Mobile Design eCommerce Design Creating a strong online presence plays a key role in the success of any business. Through an extensive strategy, you can transform perception, maximize value propositions and drive prospects into real customers. Your website is the first chance you get to make an &#8230; <a title=\"Web + WordPress Design &#038; Build\" class=\"read-more\" href=\"https:\/\/agency-11.com\/de\/web-wordpress-design-build\/\" aria-label=\"Mehr Informationen \u00fcber Web + WordPress Design &#038; Build\">Weiterlesen<\/a><\/p>","protected":false},"author":1,"featured_media":0,"parent":0,"menu_order":0,"comment_status":"closed","ping_status":"closed","template":"","meta":{"_acf_changed":false,"inline_featured_image":false,"footnotes":""},"class_list":["post-1094","page","type-page","status-publish"],"acf":[],"_links":{"self":[{"href":"https:\/\/agency-11.com\/de\/wp-json\/wp\/v2\/pages\/1094","targetHints":{"allow":["GET"]}}],"collection":[{"href":"https:\/\/agency-11.com\/de\/wp-json\/wp\/v2\/pages"}],"about":[{"href":"https:\/\/agency-11.com\/de\/wp-json\/wp\/v2\/types\/page"}],"author":[{"embeddable":true,"href":"https:\/\/agency-11.com\/de\/wp-json\/wp\/v2\/users\/1"}],"replies":[{"embeddable":true,"href":"https:\/\/agency-11.com\/de\/wp-json\/wp\/v2\/comments?post=1094"}],"version-history":[{"count":0,"href":"https:\/\/agency-11.com\/de\/wp-json\/wp\/v2\/pages\/1094\/revisions"}],"wp:attachment":[{"href":"https:\/\/agency-11.com\/de\/wp-json\/wp\/v2\/media?parent=1094"}],"curies":[{"name":"wp","href":"https:\/\/api.w.org\/{rel}","templated":true}]}}