{"id":1296,"date":"2020-02-05T13:53:21","date_gmt":"2020-02-05T13:53:21","guid":{"rendered":"https:\/\/agency-11.com\/web-wordpress-design-build-copy\/"},"modified":"2023-03-22T17:44:18","modified_gmt":"2023-03-22T17:44:18","slug":"ecommerce-online-shop","status":"publish","type":"page","link":"https:\/\/agency-11.com\/de\/ecommerce-online-shop\/","title":{"rendered":"E-Commerce \/ Online-Shop"},"content":{"rendered":"<p>Service<\/p>\n\n\t<p><img decoding=\"async\" src=\"\/wp-content\/uploads\/2020\/02\/services-mobile-SVG1.svg\" alt=\"\" \/><\/p>\n  <!-- css generated icon -->\n    scrollen\n\t<h4> E-Commerce-Entwicklung<br \/>\n WooCommerce-Entwicklung<br \/>\n Shopify-Entwicklung<br \/>\n<\/h4>\n\t<h4>Wir entwickeln intuitive und inspirierende Websites, die ein einzigartiges Einkaufserlebnis bieten und den Umsatz steigern. Jede unserer Plattformen ist funktionsreich und gibt Online-H\u00e4ndlern die volle Kontrolle \u00fcber ihre Website.<\/h4>\n\t<h4>Einfach und reibungslos \u2013 genau so, wie ein Einkaufserlebnis sein sollte. Wir orientieren uns an den Bed\u00fcrfnissen Ihrer Nutzer und entwickeln und optimieren eine intuitive Shopping-Oberfl\u00e4che, die sich nahtlos in jeden Schritt einf\u00fcgt.<\/h4>\n\t<h4><strong>Verkaufen leicht gemacht<\/strong><\/h4>\n<p>We use WooCommerce and Shopify to make buying and selling simple for you and your customers. From landing page to checkout in just a few clicks. That&#8217;s our goal.<\/p>\n\t<h4><strong>Ma\u00dfgeschneiderte Entwicklung<\/strong><\/h4>\n<p>We don&#8217;t believe in &#8220;one size fits all&#8221;. Your online shop will be designed from scratch to meet your exact specifications and objectives.<\/p>\n\t<a href=\"\/de\/our-services\/\">\n        unsere Dienstleistungen\n<\/a>\n\t<p>Auswahl unserer Arbeiten<\/p>\n<h3>We combine our business, design, and engineering expertise to deliver a digital experience that is delightful to use, and increases our customers&#8217; business value.<\/h3>\n    <a href=\"\/de\/our-services\/\">\n            Alle anzeigen\n    <\/a>","protected":false},"excerpt":{"rendered":"<p>service scroll eCommerce Development WooCommerce Development Shopify Development We develop intuitive and inspiring sites that retrieve a unique shopping experience that escalates sales. Each of our platforms is feature rich and gives online merchants complete power over their site. Simple &amp; smooth, exactly how purchasing experiences should be. We align with your users need to &#8230; <a title=\"E-Commerce \/ Online-Shop\" class=\"read-more\" href=\"https:\/\/agency-11.com\/de\/ecommerce-online-shop\/\" aria-label=\"Mehr Informationen \u00fcber eCommerce \/ Online Shop\">Weiterlesen<\/a><\/p>","protected":false},"author":1,"featured_media":0,"parent":0,"menu_order":0,"comment_status":"closed","ping_status":"closed","template":"","meta":{"_acf_changed":false,"inline_featured_image":false,"footnotes":""},"class_list":["post-1296","page","type-page","status-publish"],"acf":[],"_links":{"self":[{"href":"https:\/\/agency-11.com\/de\/wp-json\/wp\/v2\/pages\/1296","targetHints":{"allow":["GET"]}}],"collection":[{"href":"https:\/\/agency-11.com\/de\/wp-json\/wp\/v2\/pages"}],"about":[{"href":"https:\/\/agency-11.com\/de\/wp-json\/wp\/v2\/types\/page"}],"author":[{"embeddable":true,"href":"https:\/\/agency-11.com\/de\/wp-json\/wp\/v2\/users\/1"}],"replies":[{"embeddable":true,"href":"https:\/\/agency-11.com\/de\/wp-json\/wp\/v2\/comments?post=1296"}],"version-history":[{"count":0,"href":"https:\/\/agency-11.com\/de\/wp-json\/wp\/v2\/pages\/1296\/revisions"}],"wp:attachment":[{"href":"https:\/\/agency-11.com\/de\/wp-json\/wp\/v2\/media?parent=1296"}],"curies":[{"name":"wp","href":"https:\/\/api.w.org\/{rel}","templated":true}]}}