{"id":1323,"date":"2020-02-06T14:25:49","date_gmt":"2020-02-06T14:25:49","guid":{"rendered":"https:\/\/agency-11.com\/web-wordpress-design-build-copy\/"},"modified":"2024-07-08T11:38:16","modified_gmt":"2024-07-08T11:38:16","slug":"our-services","status":"publish","type":"page","link":"https:\/\/agency-11.com\/de\/our-services\/","title":{"rendered":"Unsere Dienstleistungen"},"content":{"rendered":"<p>was wir tun<\/p>\n<h1>\n\t\tHinterlassen Sie Eindruck und heben Sie sich von der Masse ab.\n\t<\/h1>\n\t<p>In einer Welt voller Vorlagen und billiger Tricks geben wir unser Bestes, um Sie von den anderen abzuheben. Jedes einzelne Pixel ist da, weil wir wollten, dass es da ist.<\/p>\n\t<p><img decoding=\"async\" src=\"\/wp-content\/uploads\/2020\/02\/services-web2-SVG1.svg\" alt=\"\" \/><\/p>\n  <!-- css generated icon -->\n    scrollen\n\t<h3>Was wir tun<\/h3>\n\t<a href=\"\/de\/web-wordpress-design-build\/\">\n<img decoding=\"async\" src=\"\/wp-content\/uploads\/2020\/01\/a11-svg-web-anim1.svg\" alt=\"\" width=\"200\" \/>\n<h3>Web + WordPress, UX\/UI<\/h3>\nWe collaborate with you to create high quality websites &#038; interfaces, scalable and efficient for your business\n<\/a>\n\t<a href=\"\/de\/ecommerce-online-shop\/\">\n<img decoding=\"async\" src=\"\/wp-content\/uploads\/2020\/01\/a11-svg-shop.svg\" alt=\"\" width=\"80\" \/>\n<h3>E-Commerce \/ Online-Shop<\/h3>\nEinfach und reibungslos \u2013 genau so, wie ein Einkaufserlebnis sein sollte. Wir orientieren uns an den Bed\u00fcrfnissen Ihrer Nutzer und entwickeln und optimieren eine benutzerfreundliche Shopping-Oberfl\u00e4che.\n<\/a>\n\t<a href=\"\/de\/web-wordpress-design-build\/\">\n<img decoding=\"async\" src=\"\/wp-content\/uploads\/2020\/01\/a11-svg-mobile.svg\" alt=\"\" width=\"80\" \/>\n<h3>Mobil + Responsiv<\/h3>\nDevice compatibility is a must. Whether your customer uses a desktop, a mobile or a tablet, they&#8217;ll reap the rewards of our accessible, user-focused designs.\n<\/a>\n\t<a href=\"\/de\/branding-graphic-design\/\">\n<img decoding=\"async\" src=\"\/wp-content\/uploads\/2020\/01\/a11-svg-branding.svg\" alt=\"\" width=\"80\" \/>\n<h3>Branding + Grafikdesign<\/h3>\nOur amazing creation with visual appeal and high quality will stimulate emotion and connect with people&#8217;s minds &amp; hearts.\n<\/a>\n\t<a href=\"\/de\/content-creation-seo\/\">\n        <img decoding=\"async\" src=\"\/wp-content\/uploads\/2020\/01\/a11-svg-seo.svg\" alt=\"\" width=\"80\" \/>\n        <h3>Content-Erstellung + SEO<\/h3>\n        Ihre Zielgruppe nimmt Informationen auf verschiedenen Sinnesebenen wahr und verarbeitet sie. Wir wissen, dass visuelle Geschichten durch die richtigen Worte verst\u00e4rkt werden.\n<\/a>\n\t<a href=\"\/de\/3d-architectural-visualisation\/\">\n        <img decoding=\"async\" src=\"\/wp-content\/uploads\/2020\/01\/a11-svg-seo.svg\" alt=\"\" width=\"80\" \/>\n        <h3>3D-Architekturvisualisierung<\/h3>\n        Wir erwecken vision\u00e4re Orte, R\u00e4ume und Ideen zum Leben. Von der Konzeption bis zur Entwicklung arbeiten wir eng zusammen und befl\u00fcgeln gemeinsam die Fantasie von Investoren, Partnern und Endnutzern bei den ambitioniertesten Stadtentwicklungsprojekten weltweit.\n<\/a>\n\t<h1>Wie wir es machen<\/h1>\n\t<h4><strong>01 Entdecken<\/strong><\/h4>\n<p>Unser einzigartiger Analyseprozess nimmt sich die Zeit, Ihre Marke, Ihre Ziele und Ihre kurz- und langfristigen W\u00fcnsche im digitalen Bereich zu verstehen. Wir erfassen alle notwendigen Informationen, um ein erfolgreiches Projekt zu starten.<\/p>\n\t<h4><strong>02 Forschung<\/strong><\/h4>\n<p>Recherche ist der Schl\u00fcssel zu gro\u00dfartigen Websites. Wir nehmen uns die Zeit, Ihre Nutzer, ihre Probleme und L\u00f6sungsans\u00e4tze zu verstehen. Wir kombinieren den Analyseprozess mit fundierter Recherche, um konversionsorientierte Websites zu entwickeln.<\/p>\n\t<h4><strong>03 Handwerk<\/strong><\/h4>\n<p>Wir greifen auf jahrelange Erfahrung in der Branche zur\u00fcck und arbeiten mit gro\u00dfen, kleinen und allen dazwischenliegenden Marken zusammen. Wir gestalten Ihre Website oder Ihr Design mit langlebigen Technologien und schreiben wartungsfreundlichen Code, den jeder Entwickler schnell erlernen und verwenden kann.<\/p>\n\t<h4><strong>04 Start<\/strong><\/h4>\n<p>Wir \u00fcbernehmen den gesamten Launch-Prozess und sorgen daf\u00fcr, dass Ihr Produkt optimiert und auf einer Vielzahl von Plattformen und Ger\u00e4ten korrekt dargestellt wird.<\/p>\n\t<a href=\"\/de\/contact-us\/\">\n        arbeite mit uns\n<\/a>\n\t<p>Auswahl unserer Arbeiten<\/p>\n<h3>We combine our business, design, and engineering expertise to deliver a digital experience that is delightful to use, and increases our customers&#8217; business value.<\/h3>\n    <a href=\"\/de\/our-services\/\">\n            Alle anzeigen\n    <\/a>","protected":false},"excerpt":{"rendered":"<p>what we do Make an impression and stand out In a world of templates and cheap tricks, we do our best to differentiate you from the rest. Every single pixel is there because we wanted it to be there. scroll What we do Web + WordPress, UX\/UI We collaborate with you to create high quality &#8230; <a title=\"Unsere Dienstleistungen\" class=\"read-more\" href=\"https:\/\/agency-11.com\/de\/our-services\/\" aria-label=\"Mehr Informationen \u00fcber Our Services\">Weiterlesen<\/a><\/p>","protected":false},"author":1,"featured_media":0,"parent":0,"menu_order":0,"comment_status":"closed","ping_status":"closed","template":"","meta":{"_acf_changed":false,"inline_featured_image":false,"footnotes":""},"class_list":["post-1323","page","type-page","status-publish"],"acf":[],"_links":{"self":[{"href":"https:\/\/agency-11.com\/de\/wp-json\/wp\/v2\/pages\/1323","targetHints":{"allow":["GET"]}}],"collection":[{"href":"https:\/\/agency-11.com\/de\/wp-json\/wp\/v2\/pages"}],"about":[{"href":"https:\/\/agency-11.com\/de\/wp-json\/wp\/v2\/types\/page"}],"author":[{"embeddable":true,"href":"https:\/\/agency-11.com\/de\/wp-json\/wp\/v2\/users\/1"}],"replies":[{"embeddable":true,"href":"https:\/\/agency-11.com\/de\/wp-json\/wp\/v2\/comments?post=1323"}],"version-history":[{"count":0,"href":"https:\/\/agency-11.com\/de\/wp-json\/wp\/v2\/pages\/1323\/revisions"}],"wp:attachment":[{"href":"https:\/\/agency-11.com\/de\/wp-json\/wp\/v2\/media?parent=1323"}],"curies":[{"name":"wp","href":"https:\/\/api.w.org\/{rel}","templated":true}]}}