{"id":1379,"date":"2020-02-10T12:54:00","date_gmt":"2020-02-10T12:54:00","guid":{"rendered":"https:\/\/agency-11.com\/web-wordpress-design-build-copy\/"},"modified":"2023-03-22T17:42:21","modified_gmt":"2023-03-22T17:42:21","slug":"3d-architectural-visualisation","status":"publish","type":"page","link":"https:\/\/agency-11.com\/de\/3d-architectural-visualisation\/","title":{"rendered":"3D-Architekturvisualisierung"},"content":{"rendered":"<p>3D-Architekturvisualisierung<\/p>\n<h1>\n\t\tWir erwecken Ihre Konzepte zum Leben.\n\t<\/h1>\n\t<p>Unsere 3D-Visualisierungen f\u00fcr den Wohn-, Gewerbe- und institutionellen Sektor zeichnen sich durch ihren au\u00dfergew\u00f6hnlichen Realismus und ihre beeindruckende Komposition aus.<\/p>\n\t<p><img decoding=\"async\" src=\"\/wp-content\/uploads\/2020\/02\/services-arch1-SVG1.svg\" alt=\"Agency 11 3D Architectural Rendering\" \/><\/p>\n  <!-- css generated icon -->\n    scrollen\n\t<a href=\"\/de\/contact-us\/\">\n        <p>arbeite mit uns <\/p>    \n<\/a>\n\t<h4><strong> Au\u00dfenansicht<\/strong><br \/>\n<strong> Innenraumvisualisierung<\/strong><br \/>\n<strong> 3D-Grundrissdarstellung<\/strong><\/h4>\n\t<h4>Architekturvisualisierung ist die Kunst, zwei- und dreidimensionale Bilder zu erstellen, die die Eigenschaften eines vorgeschlagenen architektonischen Entwurfs zeigen.<\/h4>\n\t<h2>Extremer Realismus, wundersch\u00f6ne Kompositionen<\/h2>\n<p>3D-Visualisierungen k\u00f6nnen als Marketinginstrument gegen\u00fcber Kunden oder f\u00fcr Planungsgespr\u00e4che mit Planern eingesetzt werden. Gleichzeitig k\u00f6nnen sie dazu beitragen, die Arbeitsweise von Designteams bei der Geb\u00e4udeentwicklung zu verbessern.<\/p>\n<p>Mithilfe leistungsstarker 3D-Rendering-Software k\u00f6nnen wir Entw\u00fcrfe in Echtzeit bearbeiten, schnell zwischen Konzept und konkreter Ausf\u00fchrung wechseln und verschiedene Optionen erkunden. Wir k\u00f6nnen Entw\u00fcrfe verfeinern und mehrere Versionen erstellen.<\/p>\n\t<h4><strong>This is the future, and we&#8217;re ready to amplify your impact.<\/strong><\/h4>\n<p>Unser professioneller Service f\u00fcr architektonische 3D-Visualisierungen macht Ihre Immobilie f\u00fcr Sie und Ihre Kunden deutlich attraktiver. <\/p>\n\t<h4><strong>3D-Erlebnis<\/strong><\/h4>\n<p>In Kombination mit unserem 3D-Rendering-Service erweckt unsere 3D-Architekturvisualisierung das Designkonzept zum Leben. K\u00e4ufer erhalten so einen besseren Eindruck davon, wie es sein wird, das Haus oder Grundst\u00fcck von innen zu erleben.<\/p>\n\t<a href=\"\/de\/contact-us\/\">\n        arbeite mit uns\n<\/a>","protected":false},"excerpt":{"rendered":"<p>3D Architectural Visualisation Bringing your Concepts to Life Our 3D visualisations for residential, commercial and institutional sector are distinguished by their exceptional realism and stunning composition. scroll work with us Exterior Rendering Interior Rendering 3D Floor Plan Rendering Architectural rendering or visualization is the art of creating two-dimensional and three-dimensional images showing the attributes of &#8230; <a title=\"3D-Architekturvisualisierung\" class=\"read-more\" href=\"https:\/\/agency-11.com\/de\/3d-architectural-visualisation\/\" aria-label=\"Mehr Informationen \u00fcber 3D Architectural Visualisation\">Weiterlesen<\/a><\/p>","protected":false},"author":1,"featured_media":0,"parent":0,"menu_order":0,"comment_status":"closed","ping_status":"closed","template":"","meta":{"_acf_changed":false,"inline_featured_image":false,"footnotes":""},"class_list":["post-1379","page","type-page","status-publish"],"acf":[],"_links":{"self":[{"href":"https:\/\/agency-11.com\/de\/wp-json\/wp\/v2\/pages\/1379","targetHints":{"allow":["GET"]}}],"collection":[{"href":"https:\/\/agency-11.com\/de\/wp-json\/wp\/v2\/pages"}],"about":[{"href":"https:\/\/agency-11.com\/de\/wp-json\/wp\/v2\/types\/page"}],"author":[{"embeddable":true,"href":"https:\/\/agency-11.com\/de\/wp-json\/wp\/v2\/users\/1"}],"replies":[{"embeddable":true,"href":"https:\/\/agency-11.com\/de\/wp-json\/wp\/v2\/comments?post=1379"}],"version-history":[{"count":0,"href":"https:\/\/agency-11.com\/de\/wp-json\/wp\/v2\/pages\/1379\/revisions"}],"wp:attachment":[{"href":"https:\/\/agency-11.com\/de\/wp-json\/wp\/v2\/media?parent=1379"}],"curies":[{"name":"wp","href":"https:\/\/api.w.org\/{rel}","templated":true}]}}