{"id":1482,"date":"2020-03-20T16:51:24","date_gmt":"2020-03-20T16:51:24","guid":{"rendered":"https:\/\/agency-11.com\/?page_id=1482"},"modified":"2020-08-18T10:41:55","modified_gmt":"2020-08-18T10:41:55","slug":"unsere-dienstleistungen","status":"publish","type":"page","link":"https:\/\/agency-11.com\/de\/unsere-dienstleistungen\/","title":{"rendered":"Unsere Dienstleistungen"},"content":{"rendered":"<p>was wir tun<\/p>\n<h1>\n\t\tEindruck machen und auffallen\n\t<\/h1>\n\t<p>In einer Welt voller Vorlagen und billiger Tricks geben wir unser Bestes, um Sie von den anderen abzuheben. Jedes einzelne Pixel ist da, weil wir wollten, dass es da ist.<\/p>\n\t<p><img decoding=\"async\" src=\"https:\/\/f37ae7f5-b188-43b5-a970-efb58031fa0d.h3.conves.io\/wp-content\/uploads\/2020\/02\/services-web2-SVG1.svg\" alt=\"\" \/><\/p>\n  <!-- css generated icon -->\n    scrollen\n\t<h3>Was wir tun<\/h3>\n\t<a href=\"\/de\/web-und-wordpress\/\">\n<img decoding=\"async\" src=\"https:\/\/f37ae7f5-b188-43b5-a970-efb58031fa0d.h3.conves.io\/wp-content\/uploads\/2020\/01\/a11-svg-web-anim1.svg\" alt=\"\" width=\"200\" \/>\n<h3>Web + WordPress, UX\/UI<\/h3>\nWir arbeiten mit Ihnen zusammen, um qualitativ hochwertige Websites und Schnittstellen zu erstellen, die f\u00fcr Ihr Unternehmen skalierbar und effizient sind.\n<\/a>\n\t<a href=\"\/de\/e-commerce-online-shop\/\">\n<img decoding=\"async\" src=\"https:\/\/f37ae7f5-b188-43b5-a970-efb58031fa0d.h3.conves.io\/wp-content\/uploads\/2020\/01\/a11-svg-shop.svg\" alt=\"\" width=\"80\" \/>\n<h3>E-Commerce \/ Online-Shop<\/h3>\nEinfach und reibungslos, genau so, wie Einkaufserlebnisse sein sollten. Wir richten uns nach den Bed\u00fcrfnissen Ihres Benutzers, um ein effizientes Benutzer-Erlebnis zu gew\u00e4hrleisten und weiterzuentwickeln.\n<\/a>\n\t<a href=\"\/de\/web-und-wordpress\/\">\n<img decoding=\"async\" src=\"https:\/\/f37ae7f5-b188-43b5-a970-efb58031fa0d.h3.conves.io\/wp-content\/uploads\/2020\/01\/a11-svg-mobile.svg\" alt=\"\" width=\"80\" \/>\n<h3>Mobil + Responsiv<\/h3>\nGer\u00e4tekompatibilit\u00e4t ist ein Muss. Unabh\u00e4ngig davon, ob Ihr Kunde einen Desktop, ein Mobiltelefon oder ein Tablet verwendet, erf\u00e4hrt er von unserem zug\u00e4nglichen, benutzerorientierten Designs.\n<\/a>\n\t<a href=\"\/de\/branding-grafikdesign\/\">\n<img decoding=\"async\" src=\"https:\/\/f37ae7f5-b188-43b5-a970-efb58031fa0d.h3.conves.io\/wp-content\/uploads\/2020\/01\/a11-svg-branding.svg\" alt=\"\" width=\"80\" \/>\n<h3>Branding + Grafikdesign<\/h3>\nUnsere \u00fcberraschende Kreation mit visueller Anziehungskraft und hoher Qualit\u00e4t wird Emotionen anregen und sich in den K\u00f6pfen und Herzen der Menschen verankern.\n<\/a>\n\t<a href=\"\/de\/content-creation-und-seo\/\">\n        <img decoding=\"async\" src=\"https:\/\/f37ae7f5-b188-43b5-a970-efb58031fa0d.h3.conves.io\/wp-content\/uploads\/2020\/01\/a11-svg-seo.svg\" alt=\"\" width=\"80\" \/>\n        <h3>Erstellung von Content + SEO<\/h3>\n        Ihr Publikum bezieht und absorbiert Informationen auf verschiedenen sensorischen Ebenen. Wir wissen, dass visuelle Geschichten mit den richtigen Worten verst\u00e4rkt werden.\n<\/a>\n\t<a href=\"\/de\/3d-architekturvisualisierung\/\">\n        <img decoding=\"async\" src=\"https:\/\/f37ae7f5-b188-43b5-a970-efb58031fa0d.h3.conves.io\/wp-content\/uploads\/2020\/01\/a11-svg-seo.svg\" alt=\"\" width=\"80\" \/>\n        <h3>3D-Architekturvisualisierung<\/h3>\n        Wir erwecken vision\u00e4re Orte, R\u00e4ume und Ideen zum Leben. Gemeinsam vom Konzept bis zur Entwicklung befl\u00fcgeln wir die Fantasie von Investoren, Partnern und Endnutzern bei den ehrgeizigsten Stadtentwicklungsprojekten weltweit.\n<\/a>\n\t<h1>Wie machen wir das?<\/h1>\n\t<h4><strong>01 Entdecken<\/strong><\/h4>\n<p>Unser einzigartiger Entdeckungsprozess braucht Zeit, um Ihre Marke, Ihre Ziele und das, was Sie kurz- und langfristig im digitalen Raum erreichen m\u00f6chten, zu verstehen. Wir werden alles herausholen, was es braucht, um ein erfolgreiches Projekt in Gang zu bringen.<\/p>\n\t<h4><strong>02 Forschung<\/strong><\/h4>\n<p>Forschung macht unsere Websites gro\u00dfartig. Wir nehmen uns die Zeit, um Ihre Benutzer, Ihre Schwachstellen und unsere Ma\u00dfnahmen zur L\u00f6sung dieser Probleme zu verstehen. Wir kombinieren den Entdeckungsprozess mit Recherchen, um einzigartige Websites zu erstellen.<\/p>\n\t<h4><strong>03 Handwerk<\/strong><\/h4>\n<p>Basierend auf langj\u00e4hriger Erfahrung in der Branche, die mit gro\u00dfen und kleinen Marken und allem dazwischen zusammenarbeitet, erstellen wir Ihre Website oder Ihr Design mit langlebigen Technologien und schreiben zeitgem\u00e4\u00dfe Codes, die jeder Entwickler verstehen und zur Weiterentwicklung verwenden kann.<\/p>\n\t<h4><strong>04 Starten<\/strong><\/h4>\n<p>Wir k\u00fcmmern uns um den gesamten Startprozess und stellen sicher, dass Ihr Produkt auf einer Vielzahl von Plattformen und Ger\u00e4ten optimiert und korrekt angezeigt wird.<\/p>\n\t<a href=\"\/de\/kontakt-de\/\">\n        Kontakt\n<\/a>\n\t<p>Auswahl unserer Arbeit<\/p>\n<h3>Wir kombinieren unser Gesch\u00e4fts-, Design- und Engineering-Know-how, um ein digitales Erlebnis zu bieten, das hervorragend zu nutzen ist und den Gesch\u00e4ftswert unserer Kunden erh\u00f6ht.<\/h3>\n\t\t\tStyle Your Smile\n\t\t\tMobile APP\n\t\t\t\t\t\t<a href=\"\/de\/unsere-arbeit\/\" target=\"_self\" role=\"button\" rel=\"noopener noreferrer\">\n\t\t\t\t\t\t\t<\/a>\n\t\t\tGenesis Antarctica: Branding, Webdesign, Mobile-Entwicklung, UI\/UX-Design, Content-Design, E-Commerce, SEO, Trailerproduktion\n\t\t\t\t\t\t<a href=\"\/de\/unsere-arbeit\/\" target=\"_self\" role=\"button\" rel=\"noopener noreferrer\">\n\t\t\t\t\t\t\t<\/a>\n\t\t\tAnimare Villas\n\t\t\t3D Architectural Visualisation, Branding, Website Design, Mobile, UI\/UX, Content Design\n\t\t\t\t\t\t<a href=\"\/de\/unsere-arbeit\/\" target=\"_self\" role=\"button\" rel=\"noopener noreferrer\">\n\t\t\t\t\t\t\t<\/a>\n\t\t\tRegwood Online-Shop: Branding, Webdesign, Mobile-Entwicklung, UI\/UX-Design, Content-Design, E-Commerce, SEO\n\t\t\t\t\t\t<a href=\"\/de\/unsere-arbeit\/\" target=\"_self\" role=\"button\" rel=\"noopener noreferrer\">\n\t\t\t\t\t\t\t<\/a>\n\t<a href=\"\/de\/unsere-arbeit\/\">\n        Alle ansehen\n<\/a>","protected":false},"excerpt":{"rendered":"<p>was wir tun Eindruck machen und auffallen In einer Welt voller Vorlagen und billiger Tricks geben wir unser Bestes, um Sie von den anderen abzuheben. Jedes einzelne Pixel ist da, weil wir wollten, dass es da ist. scroll Was wir tun Web + WordPress, UX\/UI Wir arbeiten mit Ihnen zusammen, um qualitativ hochwertige Websites und &#8230; <a title=\"Unsere Dienstleistungen\" class=\"read-more\" href=\"https:\/\/agency-11.com\/de\/unsere-dienstleistungen\/\" aria-label=\"Mehr Informationen \u00fcber Unsere Dienstleistungen\">Weiterlesen<\/a><\/p>","protected":false},"author":2,"featured_media":0,"parent":0,"menu_order":0,"comment_status":"closed","ping_status":"closed","template":"","meta":{"_acf_changed":false,"inline_featured_image":false,"footnotes":""},"class_list":["post-1482","page","type-page","status-publish"],"acf":[],"_links":{"self":[{"href":"https:\/\/agency-11.com\/de\/wp-json\/wp\/v2\/pages\/1482","targetHints":{"allow":["GET"]}}],"collection":[{"href":"https:\/\/agency-11.com\/de\/wp-json\/wp\/v2\/pages"}],"about":[{"href":"https:\/\/agency-11.com\/de\/wp-json\/wp\/v2\/types\/page"}],"author":[{"embeddable":true,"href":"https:\/\/agency-11.com\/de\/wp-json\/wp\/v2\/users\/2"}],"replies":[{"embeddable":true,"href":"https:\/\/agency-11.com\/de\/wp-json\/wp\/v2\/comments?post=1482"}],"version-history":[{"count":0,"href":"https:\/\/agency-11.com\/de\/wp-json\/wp\/v2\/pages\/1482\/revisions"}],"wp:attachment":[{"href":"https:\/\/agency-11.com\/de\/wp-json\/wp\/v2\/media?parent=1482"}],"curies":[{"name":"wp","href":"https:\/\/api.w.org\/{rel}","templated":true}]}}