{"id":1493,"date":"2020-03-20T17:02:50","date_gmt":"2020-03-20T17:02:50","guid":{"rendered":"https:\/\/agency-11.com\/?page_id=1493"},"modified":"2020-03-24T14:01:14","modified_gmt":"2020-03-24T14:01:14","slug":"web-und-wordpress","status":"publish","type":"page","link":"https:\/\/agency-11.com\/de\/web-und-wordpress\/","title":{"rendered":"Web und WordPress"},"content":{"rendered":"<p>Leistung<\/p>\n<h1>\n\t\tWeb- und WordPress-Entwicklung\n\t<\/h1>\n\t<p><img decoding=\"async\" src=\"https:\/\/f37ae7f5-b188-43b5-a970-efb58031fa0d.h3.conves.io\/wp-content\/uploads\/2020\/02\/services-web-SVG3.svg\" alt=\"\" \/><\/p>\n  <!-- css generated icon -->\n    scrollen\n\t<h4> UX\/UI-Design &amp; Entwicklung<br \/>\n Webdesign<br \/>\n Mobile Design<br \/>\n  E-Commerce-Design<\/h4>\n\t<h4>Die Schaffung einer starken Online-Pr\u00e4senz spielt eine Schl\u00fcsselrolle f\u00fcr den Erfolg eines Unternehmens. Durch eine umfassende Strategie k\u00f6nnen Sie die Wahrnehmung transformieren, Wertversprechen maximieren und potenzielle Kunden zu echten Kunden machen.<\/h4>\n\t<h4>Ihre Website ist die erste Gelegenheit, einen positiven Eindruck zu hinterlassen. Stellen Sie daher sicher, dass Sie sich durch ein ansprechendes Design, eine einfache Benutzeroberfl\u00e4che und Inhalte auszeichnet, die Auswirkungen haben.<\/h4>\n\t<h4><strong>Verwalten Sie Ihre Inhalte<\/strong><\/h4>\n<p>Wir lieben WordPress und Sie werden es auch tun, wenn Sie sehen, wie einfach es ist, Ihre Inhalte und Bilder von \u00fcberall auf der Welt zu aktualisieren.<\/p>\n\t<h4><strong>Responsives Design<\/strong><\/h4>\n<p>Ger\u00e4tekompatibilit\u00e4t ist ein Muss. Unabh\u00e4ngig davon, ob Ihr Kunde einen Desktop, ein Mobiltelefon oder ein Tablet verwendet, profitieren Sie von unserem zug\u00e4nglichen, benutzerorientierten Designs.<\/p>\n\t<h4><strong>Ma\u00dfgeschneiderte Entwicklung<\/strong><\/h4>\n<p>Wir glauben nicht an vorgefertigte Vorlagen. Ihre Website wird von Grund auf neu gestaltet, um Ihre genauen Spezifikationen und Ziele zu erf\u00fcllen.<\/p>\n\t<h4><strong>Browser\u00fcbergreifende Kompatibilit\u00e4t<\/strong><\/h4>\n<p>Chrome, Firefox, Safari oder Internet Explorer. Unabh\u00e4ngig davon, welchen Browser Sie oder Ihre Kunden verwenden, werden wir Websites entwickeln, die auf allen Browsern mit der bestm\u00f6glichen Performance dargestellt werden.<\/p>\n\t<a href=\"\/de\/kontakt-de\/\">\n        Kontakt\n<\/a>\n\t<p>Auswahl unserer Arbeit<\/p>\n<h3>Wir kombinieren unser Gesch\u00e4fts-, Design- und Engineering-Know-how, um ein digitales Erlebnis zu bieten, das hervorragend zu nutzen ist und den Gesch\u00e4ftswert unserer Kunden erh\u00f6ht.<\/h3>\n\t\t\tSuzuki Marine: Webdesign, Mobile-Design, UI\/UX-Design, Content-Design, SEO\n\t\t\t\t\t\t<a href=\"\/de\/our-work\/\" target=\"_self\" role=\"button\" rel=\"noopener noreferrer\">\n\t\t\t\t\t\t\t<\/a>\n\t\t\tGenesis Antarctica: Branding, Webdesign, Mobile-Entwicklung, UI\/UX-Design, Content-Design, E-Commerce, SEO, Trailerproduktion\n\t\t\t\t\t\t<a href=\"\/de\/our-work\/\" target=\"_self\" role=\"button\" rel=\"noopener noreferrer\">\n\t\t\t\t\t\t\t<\/a>\n\t\t\tAnimare Villas: Branding, Webdesign, Mobile-Design, UI\/UX-Design, Content-Design, 3D-Architekturvisualisierung\n\t\t\t\t\t\t<a href=\"\/de\/our-work\/\" target=\"_self\" role=\"button\" rel=\"noopener noreferrer\">\n\t\t\t\t\t\t\t<\/a>\n\t\t\tRegwood Online-Shop: Branding, Webdesign, Mobile-Entwicklung, UI\/UX-Design, Content-Design, E-Commerce, SEO\n\t\t\t\t\t\t<a href=\"\/de\/our-work\/\" target=\"_self\" role=\"button\" rel=\"noopener noreferrer\">\n\t\t\t\t\t\t\t<\/a>\n\t<a href=\"\/de\/our-work\/\">\n        Sieh sie dir alle an\n<\/a>","protected":false},"excerpt":{"rendered":"<p>leistung Web- und WordPress-Entwicklung scroll UX\/UI Design &amp; Development Website Design Mobile Design eCommerce Design Die Schaffung einer starken Online-Pr\u00e4senz spielt eine Schl\u00fcsselrolle f\u00fcr den Erfolg eines Unternehmens. Durch eine umfassende Strategie k\u00f6nnen Sie die Wahrnehmung transformieren, Wertversprechen maximieren und potenzielle Kunden zu echten Kunden machen. Ihre Website ist die erste Gelegenheit, einen positiven Eindruck &#8230; <a title=\"Web und WordPress\" class=\"read-more\" href=\"https:\/\/agency-11.com\/de\/web-und-wordpress\/\" aria-label=\"Mehr Informationen \u00fcber Web und WordPress\">Weiterlesen<\/a><\/p>","protected":false},"author":2,"featured_media":0,"parent":0,"menu_order":0,"comment_status":"closed","ping_status":"closed","template":"","meta":{"_acf_changed":false,"inline_featured_image":false,"footnotes":""},"class_list":["post-1493","page","type-page","status-publish"],"acf":[],"_links":{"self":[{"href":"https:\/\/agency-11.com\/de\/wp-json\/wp\/v2\/pages\/1493","targetHints":{"allow":["GET"]}}],"collection":[{"href":"https:\/\/agency-11.com\/de\/wp-json\/wp\/v2\/pages"}],"about":[{"href":"https:\/\/agency-11.com\/de\/wp-json\/wp\/v2\/types\/page"}],"author":[{"embeddable":true,"href":"https:\/\/agency-11.com\/de\/wp-json\/wp\/v2\/users\/2"}],"replies":[{"embeddable":true,"href":"https:\/\/agency-11.com\/de\/wp-json\/wp\/v2\/comments?post=1493"}],"version-history":[{"count":0,"href":"https:\/\/agency-11.com\/de\/wp-json\/wp\/v2\/pages\/1493\/revisions"}],"wp:attachment":[{"href":"https:\/\/agency-11.com\/de\/wp-json\/wp\/v2\/media?parent=1493"}],"curies":[{"name":"wp","href":"https:\/\/api.w.org\/{rel}","templated":true}]}}