{"id":1497,"date":"2020-03-24T08:33:29","date_gmt":"2020-03-24T08:33:29","guid":{"rendered":"https:\/\/agency-11.com\/?page_id=1497"},"modified":"2020-03-24T15:07:34","modified_gmt":"2020-03-24T15:07:34","slug":"e-commerce-online-shop","status":"publish","type":"page","link":"https:\/\/agency-11.com\/de\/e-commerce-online-shop\/","title":{"rendered":"E-Commerce \/ Online-Shop"},"content":{"rendered":"<p>Leistung<\/p>\n<h1>\n\t<\/h1>\n\t<p><img decoding=\"async\" src=\"https:\/\/f37ae7f5-b188-43b5-a970-efb58031fa0d.h3.conves.io\/wp-content\/uploads\/2020\/02\/services-mobile-SVG1.svg\" alt=\"\" \/><\/p>\n  <!-- css generated icon -->\n    scrollen\n\t<h4> E-Commerce-Entwicklung<br \/>\n WooCommerce-Entwicklung<br \/>\n Shopify-Entwicklung<\/h4>\n\t<h4>Wir entwickeln intuitive und inspirierende Websites, die einzigartige Einkaufserlebnisse bieten und dabei Ihren Umsatz steigern. Jede unserer Plattformen ist mit umfangreichen Funktionen ausgestattet und bietet Online-H\u00e4ndlern die vollst\u00e4ndige Kontrolle \u00fcber ihre Verk\u00e4ufe.<\/h4>\n\t<h4>Einfach und reibungslos, genau so, wie Einkaufserlebnisse sein sollen. Wir richten uns nach den Bed\u00fcrfnissen Ihres Benutzers, um ein effizientes Benutzer-Erlebnis zu gew\u00e4hrleisten und weiterzuentwickeln.<\/h4>\n\t<h4><strong>Verkauf leicht gemacht<\/strong><\/h4>\n<p>Wir verwenden WooCommerce und Shopify, um Ihnen und Ihren Kunden den Kauf und Verkauf zu vereinfachen. Von der Zielseite bis zur Kasse mit nur wenigen Klicks. Das ist unser Ziel.<\/p>\n\t<h4><strong>Ma\u00dfgeschneiderte Entwicklung<\/strong><\/h4>\n<p>Wir glauben nicht an einheitliche Vorlagen. Ihr Online-Shop wird von Grund auf neu gestaltet, um Ihre genauen Spezifikationen und Ziele zu erf\u00fcllen.<\/p>\n\t<a href=\"\/de\/our-services\/\">\n        Leistungen\n<\/a>\n\t<p>Auswahl unserer Arbeit<\/p>\n<h3>Wir kombinieren unser Gesch\u00e4fts-, Design- und Engineering-Know-how, um ein digitales Erlebnis zu bieten, das hervorragend zu nutzen ist und den Gesch\u00e4ftswert unserer Kunden erh\u00f6ht.<\/h3>\n\t\t\tSuzuki Marine: Webdesign, Mobile-Design, UI\/UX-Design, Content-Design, SEO\n\t\t\t\t\t\t<a href=\"\/de\/our-work\/\" target=\"_self\" role=\"button\" rel=\"noopener noreferrer\">\n\t\t\t\t\t\t\t<\/a>\n\t\t\tGenesis Antarctica: Branding, Webdesign, Mobile-Entwicklung, UI\/UX-Design, Content-Design, E-Commerce, SEO, Trailerproduktion\n\t\t\t\t\t\t<a href=\"\/de\/our-work\/\" target=\"_self\" role=\"button\" rel=\"noopener noreferrer\">\n\t\t\t\t\t\t\t<\/a>\n\t\t\tAnimare Villas: Branding, Webdesign, Mobile-Design, UI\/UX-Design, Content-Design, 3D-Architekturvisualisierung\n\t\t\t\t\t\t<a href=\"\/de\/our-work\/\" target=\"_self\" role=\"button\" rel=\"noopener noreferrer\">\n\t\t\t\t\t\t\t<\/a>\n\t\t\tRegwood Online-Shop: Branding, Webdesign, Mobile-Entwicklung, UI\/UX-Design, Content-Design, E-Commerce, SEO\n\t\t\t\t\t\t<a href=\"\/de\/our-work\/\" target=\"_self\" role=\"button\" rel=\"noopener noreferrer\">\n\t\t\t\t\t\t\t<\/a>\n\t<a href=\"\/de\/our-work\/\">\n        Sieh sie dir alle an\n<\/a>","protected":false},"excerpt":{"rendered":"<p>leistung scroll E-Commerce-Entwicklung WooCommerce-Entwicklung Shopify-Entwicklung Wir entwickeln intuitive und inspirierende Websites, die einzigartige Einkaufserlebnisse bieten und dabei Ihren Umsatz steigern. Jede unserer Plattformen ist mit umfangreichen Funktionen ausgestattet und bietet Online-H\u00e4ndlern die vollst\u00e4ndige Kontrolle \u00fcber ihre Verk\u00e4ufe. Einfach und reibungslos, genau so, wie Einkaufserlebnisse sein sollen. Wir richten uns nach den Bed\u00fcrfnissen Ihrer Benutzer, um &#8230; <a title=\"E-Commerce \/ Online-Shop\" class=\"read-more\" href=\"https:\/\/agency-11.com\/de\/e-commerce-online-shop\/\" aria-label=\"Mehr Informationen \u00fcber e-Commerce \/ Online Shop\">Weiterlesen<\/a><\/p>","protected":false},"author":1,"featured_media":0,"parent":0,"menu_order":0,"comment_status":"closed","ping_status":"closed","template":"","meta":{"_acf_changed":false,"inline_featured_image":false,"footnotes":""},"class_list":["post-1497","page","type-page","status-publish"],"acf":[],"_links":{"self":[{"href":"https:\/\/agency-11.com\/de\/wp-json\/wp\/v2\/pages\/1497","targetHints":{"allow":["GET"]}}],"collection":[{"href":"https:\/\/agency-11.com\/de\/wp-json\/wp\/v2\/pages"}],"about":[{"href":"https:\/\/agency-11.com\/de\/wp-json\/wp\/v2\/types\/page"}],"author":[{"embeddable":true,"href":"https:\/\/agency-11.com\/de\/wp-json\/wp\/v2\/users\/1"}],"replies":[{"embeddable":true,"href":"https:\/\/agency-11.com\/de\/wp-json\/wp\/v2\/comments?post=1497"}],"version-history":[{"count":0,"href":"https:\/\/agency-11.com\/de\/wp-json\/wp\/v2\/pages\/1497\/revisions"}],"wp:attachment":[{"href":"https:\/\/agency-11.com\/de\/wp-json\/wp\/v2\/media?parent=1497"}],"curies":[{"name":"wp","href":"https:\/\/api.w.org\/{rel}","templated":true}]}}