{"id":1503,"date":"2020-03-24T12:52:41","date_gmt":"2020-03-24T12:52:41","guid":{"rendered":"https:\/\/agency-11.com\/?page_id=1503"},"modified":"2020-03-24T15:14:08","modified_gmt":"2020-03-24T15:14:08","slug":"branding-grafikdesign","status":"publish","type":"page","link":"https:\/\/agency-11.com\/de\/branding-grafikdesign\/","title":{"rendered":"Branding + Grafikdesign"},"content":{"rendered":"<p>Leistung<\/p>\n<h1>\n\t<\/h1>\n\t<p><img decoding=\"async\" src=\"https:\/\/f37ae7f5-b188-43b5-a970-efb58031fa0d.h3.conves.io\/wp-content\/uploads\/2020\/02\/services-graphic-SVG1.svg\" alt=\"Branding Design\" \/><\/p>\n  <!-- css generated icon -->\n    scrollen\n\t<h4>\n Logo-Design<br \/>\n Corporate Identity<br \/>\n Grafikdesign<br \/>\n Produktdesign<br \/>\n Briefpapierdesign<br \/>\n<\/h4>\n\t<h4>Unsere erstaunlichen Kreationen werden Emotionen anregen, sich in den K\u00f6pfen und Herzen der Menschen verankern, gro\u00dfe Auswirkungen auf Ihr Unternehmen haben und definitiv gro\u00dfes Interesse wecken.<\/h4>\n\t<h4>Branding &#038; Identity ist die Quelle aller erfolgreichen Start-ups und Unternehmen. Nur die richtigen Rahmenbedingungen machen es m\u00f6glich, zu skalieren und sicherzustellen, dass Ihre Marke bestm\u00f6glich dargestellt wird.<\/h4>\n\t<h4><strong>Effektive Markenidentit\u00e4t<\/strong><\/h4>\n<p>Wir werden mit Ihnen zusammenarbeiten, um eine zukunftsorientierte, attraktive und effektive Markenidentit\u00e4t zu schaffen, die Ihrem Unternehmen hilft, sich von der Masse abzuheben und sich perfekt an Ihre Zielgruppe anzupassen.<\/p>\n\t<h4><strong>Ihre Absichten<\/strong><\/h4>\n<p>Branding ist ein umfassender, sich selbst reflektierender Prozess. Die Essenz Ihres Unternehmens, Ihre Produkte und Dienstleistungen werden idealerweise in Ihrer Marke widergespiegelt.<\/p>\n\t<a href=\"\/de\/kontakt-de\/\">\n        Kontakt\n<\/a>\n\t<p>Auswahl unserer Arbeit<\/p>\n<h3>Wir kombinieren unser Gesch\u00e4fts-, Design- und Engineering-Know-how, um ein digitales Erlebnis zu bieten, das hervorragend zu nutzen ist und den Gesch\u00e4ftswert unserer Kunden erh\u00f6ht.<\/h3>\n\t\t\tSuzuki Marine: Webdesign, Mobile-Design, UI\/UX-Design, Content-Design, SEO\n\t\t\t\t\t\t<a href=\"\/de\/unsere-arbeit\/\" target=\"_self\" role=\"button\" rel=\"noopener noreferrer\">\n\t\t\t\t\t\t\t<\/a>\n\t\t\tGenesis Antarctica: Branding, Webdesign, Mobile-Entwicklung, UI\/UX-Design, Content-Design, E-Commerce, SEO, Trailerproduktion\n\t\t\t\t\t\t<a href=\"\/de\/unsere-arbeit\/\" target=\"_self\" role=\"button\" rel=\"noopener noreferrer\">\n\t\t\t\t\t\t\t<\/a>\n\t\t\tAnimare Villas: Branding, Webdesign, Mobile-Design, UI\/UX-Design, Content-Design, 3D-Architekturvisualisierung\n\t\t\t\t\t\t<a href=\"\/de\/unsere-arbeit\/\" target=\"_self\" role=\"button\" rel=\"noopener noreferrer\">\n\t\t\t\t\t\t\t<\/a>\n\t\t\tRegwood Online-Shop: Branding, Webdesign, Mobile-Entwicklung, UI\/UX-Design, Content-Design, E-Commerce, SEO\n\t\t\t\t\t\t<a href=\"\/de\/unsere-arbeit\/\" target=\"_self\" role=\"button\" rel=\"noopener noreferrer\">\n\t\t\t\t\t\t\t<\/a>\n\t<a href=\"\/de\/unsere-arbeit\/\">\n        Alle ansehen\n<\/a>","protected":false},"excerpt":{"rendered":"<p>leistung scroll Logo Design Corporate Identity Graphic Design Product Design Stationary Design Unsere erstaunlichen Kreationen werden Emotionen anregen, sich in den K\u00f6pfen und Herzen der Menschen verankern, gro\u00dfe Auswirkungen auf Ihr Unternehmen haben und definitiv gro\u00dfes Interesse wecken. Branding &#038; Identity ist die Quelle aller erfolgreichen Start-ups und Unternehmen. Nur die richtigen Rahmenbedingungen machen es &#8230; <a title=\"Branding + Grafikdesign\" class=\"read-more\" href=\"https:\/\/agency-11.com\/de\/branding-grafikdesign\/\" aria-label=\"Mehr Informationen \u00fcber Branding + Grafikdesign\">Weiterlesen<\/a><\/p>","protected":false},"author":1,"featured_media":0,"parent":0,"menu_order":0,"comment_status":"closed","ping_status":"closed","template":"","meta":{"_acf_changed":false,"inline_featured_image":false,"footnotes":""},"class_list":["post-1503","page","type-page","status-publish"],"acf":[],"_links":{"self":[{"href":"https:\/\/agency-11.com\/de\/wp-json\/wp\/v2\/pages\/1503","targetHints":{"allow":["GET"]}}],"collection":[{"href":"https:\/\/agency-11.com\/de\/wp-json\/wp\/v2\/pages"}],"about":[{"href":"https:\/\/agency-11.com\/de\/wp-json\/wp\/v2\/types\/page"}],"author":[{"embeddable":true,"href":"https:\/\/agency-11.com\/de\/wp-json\/wp\/v2\/users\/1"}],"replies":[{"embeddable":true,"href":"https:\/\/agency-11.com\/de\/wp-json\/wp\/v2\/comments?post=1503"}],"version-history":[{"count":0,"href":"https:\/\/agency-11.com\/de\/wp-json\/wp\/v2\/pages\/1503\/revisions"}],"wp:attachment":[{"href":"https:\/\/agency-11.com\/de\/wp-json\/wp\/v2\/media?parent=1503"}],"curies":[{"name":"wp","href":"https:\/\/api.w.org\/{rel}","templated":true}]}}