{"id":1508,"date":"2020-03-24T12:58:27","date_gmt":"2020-03-24T12:58:27","guid":{"rendered":"https:\/\/agency-11.com\/?page_id=1508"},"modified":"2020-03-24T13:05:10","modified_gmt":"2020-03-24T13:05:10","slug":"3d-architekturvisualisierung","status":"publish","type":"page","link":"https:\/\/agency-11.com\/de\/3d-architekturvisualisierung\/","title":{"rendered":"3D-Architekturvisualisierung"},"content":{"rendered":"<p>3D-Architekturvisualisierungen<\/p>\n<h1>\n\t\tErwecken Sie Ihre Konzepte zum Leben.\n\t<\/h1>\n\t<p>Unsere 3D-Visualisierungen f\u00fcr den Wohn-, Gewerbe- und institutionellen Bereich zeichnen sich durch au\u00dfergew\u00f6hnlichen Realismus und atemberaubende Komposition aus.<\/p>\n\t<p><img decoding=\"async\" src=\"https:\/\/f37ae7f5-b188-43b5-a970-efb58031fa0d.h3.conves.io\/wp-content\/uploads\/2020\/02\/services-arch1-SVG1.svg\" alt=\"Agency 11 3D Architectural Rendering\" \/><\/p>\n  <!-- css generated icon -->\n    scrollen\n\t<a href=\"\/de\/contact-us\/\">\n        <p>arbeiten mit uns <\/p>    \n<\/a>\n\t<h4><strong> Au\u00dfenansicht<\/strong><br \/>\n<strong> Innenraumvisualisierung<\/strong><br \/>\n<strong> 3D-Grundrissdarstellung<\/strong><\/h4>\n\t<h4>Architektur-Rendering oder -Visualisierung ist die Kunst, zweidimensionale und dreidimensionale Bilder zu erstellen, die die Attribute eines vorgeschlagenen Architekturentwurfs zeigen.<\/h4>\n\t<h2>Extremer Realismus, sch\u00f6ne Kompositionen<\/h2>\n<p>3D-Visualisierungen k\u00f6nnen als Marketinginstrument f\u00fcr Kunden oder f\u00fcr Planungsberatungen mit Planern verwendet werden. Gleichzeitig kann die Entwicklung von Geb\u00e4uden durch Designteams verbessert werden.<\/p>\n<p>Mit einer leistungsstarken 3D-Rendering-Software k\u00f6nnen wir Entw\u00fcrfe in Echtzeit bearbeiten, schnell zwischen Konzept und Beton wechseln und verschiedene Optionen erkunden. Verfeinerungen vornehmen und mehrere Versionen der Designs erstellen.<\/p>\n\t\t\t\t\t\t\t\t<!-- pagination -->\n\t\t\t\t\t\t<!-- navigation arrows -->\n\t<h4><strong>Dies ist die Zukunft und wir sind bereit, Ihre Wirkung zu verst\u00e4rken.<\/strong><\/h4>\n<p>Unser kompetenter Service zur 3D-Architekturvisualisierung macht Ihre Immobilie f\u00fcr Sie und Ihre Kunden attraktiv.<\/p>\n\t<h4><strong>3D-Erlebnis<\/strong><\/h4>\n<p>In Kombination mit unserem 3D-Rendering-Service erweckt unser 3D-Architekturvisualisierungsprozess das Designkonzept zum Leben. K\u00e4ufer erhalten einen besseren Blick darauf, wo sie sich innerhalb des Hauses oder der Immobilie befinden und wie es sein wird, sie zu erleben.<\/p>\n\t<a href=\"\/de\/contact-us\/\">\n        Kontakt\n<\/a>","protected":false},"excerpt":{"rendered":"<p>3D-Architekturvisualisierungen erwecken Sie Ihre Konzepte zum Leben. Unsere 3D-Visualisierungen f\u00fcr den Wohn-, Gewerbe- und institutionellen Bereich zeichnen sich durch au\u00dfergew\u00f6hnlichen Realismus und atemberaubende Komposition aus. scroll arbeitet mit uns Exterior Rendering Interior Rendering 3D Floor Plan Rendering Architektur-Rendering oder -Visualisierung ist die Kunst, zweidimensionale und dreidimensionale Bilder zu erstellen, die die Attribute eines vorgeschlagenen Architekturentwurfs \u2026 <a title=\"3D-Architekturvisualisierung\" class=\"read-more\" href=\"https:\/\/agency-11.com\/de\/3d-architekturvisualisierung\/\" aria-label=\"Mehr Informationen \u00fcber 3D-Architekturvisualisierung\">Weiterlesen<\/a><\/p>","protected":false},"author":1,"featured_media":0,"parent":0,"menu_order":0,"comment_status":"closed","ping_status":"closed","template":"","meta":{"_acf_changed":false,"inline_featured_image":false,"footnotes":""},"class_list":["post-1508","page","type-page","status-publish"],"acf":[],"_links":{"self":[{"href":"https:\/\/agency-11.com\/de\/wp-json\/wp\/v2\/pages\/1508","targetHints":{"allow":["GET"]}}],"collection":[{"href":"https:\/\/agency-11.com\/de\/wp-json\/wp\/v2\/pages"}],"about":[{"href":"https:\/\/agency-11.com\/de\/wp-json\/wp\/v2\/types\/page"}],"author":[{"embeddable":true,"href":"https:\/\/agency-11.com\/de\/wp-json\/wp\/v2\/users\/1"}],"replies":[{"embeddable":true,"href":"https:\/\/agency-11.com\/de\/wp-json\/wp\/v2\/comments?post=1508"}],"version-history":[{"count":0,"href":"https:\/\/agency-11.com\/de\/wp-json\/wp\/v2\/pages\/1508\/revisions"}],"wp:attachment":[{"href":"https:\/\/agency-11.com\/de\/wp-json\/wp\/v2\/media?parent=1508"}],"curies":[{"name":"wp","href":"https:\/\/api.w.org\/{rel}","templated":true}]}}