{"id":1520,"date":"2020-03-24T13:08:13","date_gmt":"2020-03-24T13:08:13","guid":{"rendered":"https:\/\/agency-11.com\/?page_id=1520"},"modified":"2020-03-24T15:32:31","modified_gmt":"2020-03-24T15:32:31","slug":"ueber-uns","status":"publish","type":"page","link":"https:\/\/agency-11.com\/de\/ueber-uns\/","title":{"rendered":"\u00dcber uns"},"content":{"rendered":"<p>Agentur einer neuen Generation<\/p>\n<h1>\n\t\tWir dr\u00fccken auf Play f\u00fcr Ihre digitale Geschichte.\n\t<\/h1>\n\t<p><img decoding=\"async\" src=\"https:\/\/f37ae7f5-b188-43b5-a970-efb58031fa0d.h3.conves.io\/wp-content\/uploads\/2020\/02\/SVG-a11-team1.svg\" alt=\"\" \/><\/p>\n  <!-- css generated icon -->\n    scrollen\n\t<h4><strong>Unglaubliche Erfahrung f\u00fcr Sie und Ihre Kunden<\/strong><\/h4>\n\t<h4>Wir sind eine internationale Online-Agentur, die Kreativit\u00e4t und Technik kombiniert, um digitale Erlebnisse mit einem hochwertigen Design und einer optimalen und effizienten Entwicklung zu erm\u00f6glichen. <\/h4>\n\t<h4>Wir wissen, dass eine erfolgreiche Entwicklung auch in der digitalen Gesch\u00e4ftswelt auf dem richtigen Erfolg basiert. Dieser Gedanke macht unsere Philosophie besonders und hebt uns von anderen kreativen Design- und Online-Agenturen ab.<\/h4>\n\t<p><img decoding=\"async\" src=\"https:\/\/f37ae7f5-b188-43b5-a970-efb58031fa0d.h3.conves.io\/wp-content\/uploads\/2020\/02\/SVG-whiteCubes.svg\" alt=\"\" \/><\/p>\n\t<h4><strong>Jenseits der Denkweisen \u201evorausschauendes Denken\u201c und \u201ezuk\u00fcnftige Trends\u201c.<br \/>\n<\/strong><\/h4>\n<p>Eine Marke oder ein Produkt ist eine Erweiterung dessen, wer Sie sind. Alles, was wir tun, ist darauf ausgerichtet, Ihnen zu helfen, zu vereinfachen und zu kl\u00e4ren, wer Sie sind und wof\u00fcr Sie stehen.<\/p>\n\t<h4><strong>Wir sind hier, um Ihre Wirkung zu verst\u00e4rken.<\/strong><\/h4>\n<p>Das vielf\u00e4ltige Fachwissen unseres Kreativteams wird die innovativen Entscheidungen leiten. Dadurch wird sichergestellt, dass Ihre Marke effektiv, transparent und klar kommuniziert wird.<\/p>\n\t<h4><strong>Der Schl\u00fcssel zu Ihrem Erfolg beginnt mit der Vorstellung einer neuen Realit\u00e4t.<\/strong><\/h4>\n<p>Wie Albert Einstein erkl\u00e4rte: \u201cWir k\u00f6nnen Probleme nicht mit der gleichen Denkweise l\u00f6sen, mit der wir sie geschaffen haben.\u201d Deshalb bieten wir keine traditionellen L\u00f6sungen, sondern Ma\u00dfnahmen f\u00fcr Erfolg und Wachstum mit innovativem Ansatz.<\/p>\n\t<h4><strong>Alles beginnt mit Ihrer Idee..<\/strong><\/h4>\n<p>Unser Prozess beginnt immer mit dem Erkennen und Ausrichten Ihres Zwecks. Durch strategisches Design schaffen wir Systeme mit einem atemberaubenden, intuitiven Design, das f\u00fcr die Funktionalit\u00e4t und Markengeschichte Ihres Produkts von entscheidender Bedeutung ist.<\/p>\n\t<a href=\"\/de\/kontakt-de\/\">\n        Kontakt\n<\/a>\n\t<p>Auswahl unserer Arbeit<\/p>\n<h3>Wir kombinieren unser Gesch\u00e4fts-, Design- und Engineering-Know-how, um ein digitales Erlebnis zu bieten, das hervorragend zu nutzen ist und den Gesch\u00e4ftswert unserer Kunden erh\u00f6ht.<\/h3>\n\t\t\tSuzuki Marine: Webdesign, Mobile-Design, UI\/UX-Design, Content-Design, SEO\n\t\t\t\t\t\t<a href=\"\/de\/unsere-arbeit\/\" target=\"_self\" role=\"button\" rel=\"noopener noreferrer\">\n\t\t\t\t\t\t\t<\/a>\n\t\t\tGenesis Antarctica: Branding, Webdesign, Mobile-Entwicklung, UI\/UX-Design, Content-Design, E-Commerce, SEO, Trailerproduktion\n\t\t\t\t\t\t<a href=\"\/de\/unsere-arbeit\/\" target=\"_self\" role=\"button\" rel=\"noopener noreferrer\">\n\t\t\t\t\t\t\t<\/a>\n\t\t\tAnimare Villas: Branding, Webdesign, Mobile-Design, UI\/UX-Design, Content-Design, 3D-Architekturvisualisierung\n\t\t\t\t\t\t<a href=\"\/de\/unsere-arbeit\/\" target=\"_self\" role=\"button\" rel=\"noopener noreferrer\">\n\t\t\t\t\t\t\t<\/a>\n\t\t\tRegwood Online-Shop: Branding, Webdesign, Mobile-Entwicklung, UI\/UX-Design, Content-Design, E-Commerce, SEO\n\t\t\t\t\t\t<a href=\"\/de\/unsere-arbeit\/\" target=\"_self\" role=\"button\" rel=\"noopener noreferrer\">\n\t\t\t\t\t\t\t<\/a>\n\t<a href=\"\/de\/unsere-arbeit\/\">\n        Alle ansehen\n<\/a>","protected":false},"excerpt":{"rendered":"<p>Agentur einer neuen Generation Wir dr\u00fccken auf Play f\u00fcr Ihre digitale Geschichte. scroll Unglaubliche Erfahrung f\u00fcr Sie und Ihre Kunden Wir sind eine internationale Online-Agentur, die Kreativit\u00e4t und Technik kombiniert, um digitale Erlebnisse mit einem hochwertigen Design und einer optimalen und effizienten Entwicklung zu erm\u00f6glichen. Wir wissen, dass eine erfolgreiche Entwicklung auch in der digitalen \u2026 <a title=\"\u00dcber uns\" class=\"read-more\" href=\"https:\/\/agency-11.com\/de\/ueber-uns\/\" aria-label=\"Mehr Informationen \u00fcber \u00dcber uns\">Weiterlesen<\/a><\/p>","protected":false},"author":1,"featured_media":0,"parent":0,"menu_order":0,"comment_status":"closed","ping_status":"closed","template":"","meta":{"_acf_changed":false,"inline_featured_image":false,"footnotes":""},"class_list":["post-1520","page","type-page","status-publish"],"acf":[],"_links":{"self":[{"href":"https:\/\/agency-11.com\/de\/wp-json\/wp\/v2\/pages\/1520","targetHints":{"allow":["GET"]}}],"collection":[{"href":"https:\/\/agency-11.com\/de\/wp-json\/wp\/v2\/pages"}],"about":[{"href":"https:\/\/agency-11.com\/de\/wp-json\/wp\/v2\/types\/page"}],"author":[{"embeddable":true,"href":"https:\/\/agency-11.com\/de\/wp-json\/wp\/v2\/users\/1"}],"replies":[{"embeddable":true,"href":"https:\/\/agency-11.com\/de\/wp-json\/wp\/v2\/comments?post=1520"}],"version-history":[{"count":0,"href":"https:\/\/agency-11.com\/de\/wp-json\/wp\/v2\/pages\/1520\/revisions"}],"wp:attachment":[{"href":"https:\/\/agency-11.com\/de\/wp-json\/wp\/v2\/media?parent=1520"}],"curies":[{"name":"wp","href":"https:\/\/api.w.org\/{rel}","templated":true}]}}