{"id":2295,"date":"2020-11-20T17:20:19","date_gmt":"2020-11-20T17:20:19","guid":{"rendered":"https:\/\/agency-11.com\/?page_id=2295"},"modified":"2021-09-17T13:07:04","modified_gmt":"2021-09-17T13:07:04","slug":"home-new-11-2","status":"publish","type":"page","link":"https:\/\/agency-11.com\/de\/home-new-11-2\/","title":{"rendered":"Startseite NEU 11"},"content":{"rendered":"<div class=\"featured_wrapper\"><div class=\"featured_element_outter\">\n<a href=\"\/de\/our-work\/\" class=\"featured_element portfolio_element_image demo reveal\"  style=\"background-image: url(https:\/\/agency-11.com\/wp-content\/uploads\/formidable\/5\/siemens-mobility-high-speed-trains-1-1-900x900.jpg);\">\n\n<div class=\"featured_overlay\"><\/div>\n<h3>RailNetEurope<\/h3><p><p>Webdesign, Mobile, UX\/UI, Content-Design<\/p>\n<\/p>\n\n<\/a>\n\n<a target=\"_blank\" href=\"https:\/\/rne.eu\/\" class=\"featured_project_link\">Projekt ansehen<\/a>\n<\/div>\n<div class=\"featured_element_outter\">\n<a href=\"\/de\/our-work\/\" class=\"featured_element portfolio_element_image demo reveal\"  style=\"background-image: url(https:\/\/agency-11.com\/wp-content\/uploads\/formidable\/5\/animal-walking-green-forest-3-scaled-1-900x853.jpg);\">\n\n<div class=\"featured_overlay\"><\/div>\n<h3>\u00d6sterreichzentrum B\u00e4r, Wolf, Luchs<\/h3><p><p>Webdesign, Mobile-Design, UX\/UI-Design, Content-Design, Branding<\/p>\n<\/p>\n\n<\/a>\n\n<a target=\"_blank\" href=\"https:\/\/baer-wolf-luchs.agency-11.com\/\" class=\"featured_project_link\">Projekt ansehen<\/a>\n<\/div>\n<div class=\"featured_element_outter\">\n<a href=\"\/de\/our-work\/\" class=\"featured_element portfolio_element_image demo reveal\"  style=\"background-image: url(https:\/\/agency-11.com\/wp-content\/uploads\/formidable\/5\/path-1577192_blanca_rovira_Pixabay-900x853.jpg);\">\n\n<div class=\"featured_overlay\"><\/div>\n<h3>Regionalmanagement Ober\u00f6sterreich (RMO\u00d6)<\/h3><p><p>Webdesign, Web-App, Mobile-Design, UX\/UI-Design, Content-Design<\/p>\n<\/p>\n\n<\/a>\n\n<a target=\"_blank\" href=\"https:\/\/www.rmooe.at\/\" class=\"featured_project_link\">Projekt ansehen<\/a>\n<\/div>\n<div class=\"featured_element_outter\">\n<a href=\"\/de\/our-work\/\" class=\"featured_element portfolio_element_image demo reveal\"  style=\"background-image: url(https:\/\/agency-11.com\/wp-content\/uploads\/formidable\/5\/parkbuddy-1.jpg);\">\n\n<div class=\"featured_overlay\"><\/div>\n<h3>Parkbuddy<\/h3><p><p>Web-App \/ Parkplattform<\/p>\n<\/p>\n\n<\/a>\n\n<a target=\"_blank\" href=\"https:\/\/parkbuddy.net\/\" class=\"featured_project_link\">Projekt ansehen<\/a>\n<\/div>\n<div class=\"featured_element_outter\">\n<a href=\"\/de\/our-work\/\" class=\"featured_element portfolio_element_image demo reveal\"  style=\"background-image: url(https:\/\/agency-11.com\/wp-content\/uploads\/formidable\/5\/o2gapp-1.jpg);\">\n\n<div class=\"featured_overlay\"><\/div>\n<h3>order2gether App<\/h3><p><p>Mobile-App-Design &amp; -Entwicklung<\/p>\n<\/p>\n\n<\/a>\n\n<a target=\"_blank\" href=\"https:\/\/apps.apple.com\/at\/app\/order2gether\/id1610933782\" class=\"featured_project_link\">Projekt ansehen<\/a>\n<\/div>\n<div class=\"featured_element_outter\">\n<a href=\"\/de\/our-work\/\" class=\"featured_element portfolio_element_image demo reveal\"  style=\"background-image: url(https:\/\/agency-11.com\/wp-content\/uploads\/formidable\/5\/CompLawinConvers-1-900x900.jpg);\">\n\n<div class=\"featured_overlay\"><\/div>\n<h3>Das Wettbewerbsrechtszentrum<\/h3><p><p>Webdesign, Mobile-Design, UX\/UI-Design, Content-Design, Branding<\/p>\n<\/p>\n\n<\/a>\n\n<a target=\"_blank\" href=\"https:\/\/www.complawhub.eu\/\" class=\"featured_project_link\">Projekt ansehen<\/a>\n<\/div>\n<\/div>\n\t<p>Wer wir sind<\/p>\n<h1>Wir dr\u00fccken auf Play f\u00fcr Ihre digitale Geschichte. <\/h1>\n\t<h4>Wir bieten Komplettl\u00f6sungen von der Konzeption bis zur Umsetzung und unterst\u00fctzen Sie beim Aufbau, der Transformation und der Optimierung Ihres Unternehmens. Innovative Ideen, kombiniert mit herausragendem Design und modernster Technologie, erschlie\u00dfen das Potenzial Ihrer Marke, machen sie einpr\u00e4gsam und sichern Ihnen maximale Markenbekanntheit.<\/h4>\n\t<a href=\"\/de\/about-us\/\">\n        Wer wir sind\n<\/a>","protected":false},"excerpt":{"rendered":"<p>Wer wir sind: Wir erwecken Ihre digitale Geschichte zum Leben. Wir bieten Komplettl\u00f6sungen von der Konzeption bis zur Umsetzung und unterst\u00fctzen Sie beim Aufbau, der Transformation und der Optimierung Ihres Unternehmens. Innovative Ideen, kombiniert mit herausragendem Design und modernster Technologie, erschlie\u00dfen das Potenzial Ihrer Marke, machen sie einpr\u00e4gsam und sorgen f\u00fcr maximale Markenbekanntheit.<\/p>","protected":false},"author":2,"featured_media":0,"parent":0,"menu_order":0,"comment_status":"closed","ping_status":"closed","template":"","meta":{"_acf_changed":false,"inline_featured_image":false,"footnotes":""},"class_list":["post-2295","page","type-page","status-publish"],"acf":[],"_links":{"self":[{"href":"https:\/\/agency-11.com\/de\/wp-json\/wp\/v2\/pages\/2295","targetHints":{"allow":["GET"]}}],"collection":[{"href":"https:\/\/agency-11.com\/de\/wp-json\/wp\/v2\/pages"}],"about":[{"href":"https:\/\/agency-11.com\/de\/wp-json\/wp\/v2\/types\/page"}],"author":[{"embeddable":true,"href":"https:\/\/agency-11.com\/de\/wp-json\/wp\/v2\/users\/2"}],"replies":[{"embeddable":true,"href":"https:\/\/agency-11.com\/de\/wp-json\/wp\/v2\/comments?post=2295"}],"version-history":[{"count":0,"href":"https:\/\/agency-11.com\/de\/wp-json\/wp\/v2\/pages\/2295\/revisions"}],"wp:attachment":[{"href":"https:\/\/agency-11.com\/de\/wp-json\/wp\/v2\/media?parent=2295"}],"curies":[{"name":"wp","href":"https:\/\/api.w.org\/{rel}","templated":true}]}}