{"id":535,"date":"2019-11-25T16:16:50","date_gmt":"2019-11-25T16:16:50","guid":{"rendered":"https:\/\/agency-11.com\/?page_id=535"},"modified":"2020-09-23T10:10:28","modified_gmt":"2020-09-23T10:10:28","slug":"3d-arhitekturna-vizualizacija","status":"publish","type":"page","link":"https:\/\/agency-11.com\/de\/3d-arhitekturna-vizualizacija\/","title":{"rendered":"SLO 3D Architekturvisualisierung"},"content":{"rendered":"<p>3D arhitekturna vizualizacija<\/p>\n<h1>O\u017eivite koncepte.<\/h1>\n<p>Die Architekten werden nicht in der Lage sein, ihre Arbeit in einem Unternehmen zu erledigen. Visokokakovostne architektonische Architektur 3D-Upodabljanja f\u00fcr stanovanjske, poslovne ali institutionelle Objekte.<\/p>\n  <!-- css generated icon -->\n   ve\u010d o tem\n\t<p>3D arhitekturna realnost<\/p>\n<h2>Skrajen realisiert in pravilna kompozicija<\/h2>\n<p>Ein Architekturb\u00fcro, das die Architektur in drei Dimensionen aufnimmt und in drei Dimensionen arbeitet, wird von einem Architekturb\u00fcro in Anspruch genommen.<\/p>\n<p>3D-Visualizacijo l\u00e4hko uporabimo kot marketing in\u0161ko orodje s strankami ali za na\u010drtovanje posvetovanj posvetovanj na\u010drtovalci. Es ist wichtig, dass Sie sich keine Sorgen mehr machen, wenn Sie sich f\u00fcr die n\u00e4chsten Schritte entscheiden.<\/p>\n<p>Um die Programme f\u00fcr die 3D-Aktualisierung in Echtzeit zu verbessern, m\u00fcssen Sie sich mit einem konkreten Konzept vertraut machen, um Ihr Ziel zu erreichen.<\/p>\n<h6><img loading=\"lazy\" decoding=\"async\" src=\"https:\/\/f37ae7f5-b188-43b5-a970-efb58031fa0d.h3.conves.io\/wp-content\/uploads\/2019\/11\/arch-exterior.png\" alt=\"\" width=\"66\" height=\"66\" \/><\/h6>\n<h5>Zunanji dizajn<\/h5>\n<h6><img loading=\"lazy\" decoding=\"async\" src=\"https:\/\/f37ae7f5-b188-43b5-a970-efb58031fa0d.h3.conves.io\/wp-content\/uploads\/2019\/11\/arch-interior.png\" alt=\"\" width=\"66\" height=\"66\" \/><\/h6>\n<h5>Notranji dizajn<\/h5>\n<h6><img loading=\"lazy\" decoding=\"async\" src=\"https:\/\/f37ae7f5-b188-43b5-a970-efb58031fa0d.h3.conves.io\/wp-content\/uploads\/2019\/11\/arch-floor.png\" alt=\"\" width=\"66\" height=\"66\" \/><\/h6>\n<h5>3D Prikaz tlorisov<\/h5>\n\t<p>3D-Galerie<\/p>\n\t\t\t\t<a\n\t\t\thref=\"http:\/\/agency-11.com\/wp-content\/uploads\/2019\/11\/TERRACE-RIGHT-2b-1024x576.jpg\"\n\t\t\t\t\t\trel=\"nofollow\" data-fancybox=\"images\" \n\t\t\ttitle=\"Terrasse rechts 2b\" \n\t\t\t\t\t\tdata-caption=\"Saltwater infinity swimming pool with waterfall and integrated massage jets - 3D Architectural Visualisation\"\n\t\t\t\t\t\tdata-description=\"3D Architectural Visualisation\" \n\t\t\titemprop=\"contentUrl\"\n\t\t>\n\t\t<img decoding=\"async\" src=\"http:\/\/agency-11.com\/wp-content\/uploads\/2019\/11\/TERRACE-RIGHT-2b-300x169.jpg\" alt=\"3D Architectural Visualisation - Swimming pool\" data-no-lazy=\"1\" itemprop=\"thumbnail\" \/>\n\t\t\t<!-- Overlay Wrapper -->\n\t\t\t <!-- Overlay Wrapper Closed -->\n\t\t\t\t<\/a>\n\t\t\t\t\t\t\t<meta itemprop=\"width\" content=\"300\" \/>\n\t\t\t<meta itemprop=\"height\" content=\"169\" \/>\n\t\t\t\t<a\n\t\t\thref=\"http:\/\/agency-11.com\/wp-content\/uploads\/2019\/11\/animare-villas-poolView-Valiosa-1024x576.jpg\"\n\t\t\t\t\t\trel=\"nofollow\" data-fancybox=\"images\" \n\t\t\ttitle=\"animare-villas-poolView-Valiosa\" \n\t\t\t\t\t\tdata-caption=\"3D Architectural Visualization\"\n\t\t\t\t\t\tdata-description=\"Comfort and privacy for an enjoyable stay.\" \n\t\t\titemprop=\"contentUrl\"\n\t\t>\n\t\t<img decoding=\"async\" src=\"http:\/\/agency-11.com\/wp-content\/uploads\/2019\/11\/animare-villas-poolView-Valiosa-300x169.jpg\" alt=\"Comfort and privacy for an enjoyable stay.\" data-no-lazy=\"1\" itemprop=\"thumbnail\" \/>\n\t\t\t<!-- Overlay Wrapper -->\n\t\t\t <!-- Overlay Wrapper Closed -->\n\t\t\t\t<\/a>\n\t\t\t\t\t\t\t<meta itemprop=\"width\" content=\"300\" \/>\n\t\t\t<meta itemprop=\"height\" content=\"169\" \/>\n\t\t\t\t<a\n\t\t\thref=\"http:\/\/agency-11.com\/wp-content\/uploads\/2019\/11\/villaMarvella-03b-1024x408.jpg\"\n\t\t\t\t\t\trel=\"nofollow\" data-fancybox=\"images\" \n\t\t\ttitle=\"villaMarvella-03b\" \n\t\t\t\t\t\tdata-caption=\"Waterfront villa with a magnificent view - 3D Architectural Visualisation\"\n\t\t\t\t\t\tdata-description=\"3D Architectural Visualisation\" \n\t\t\titemprop=\"contentUrl\"\n\t\t>\n\t\t<img decoding=\"async\" src=\"http:\/\/agency-11.com\/wp-content\/uploads\/2019\/11\/villaMarvella-03b-300x120.jpg\" alt=\"Waterfront villa with a magnificent view\" data-no-lazy=\"1\" itemprop=\"thumbnail\" \/>\n\t\t\t<!-- Overlay Wrapper -->\n\t\t\t <!-- Overlay Wrapper Closed -->\n\t\t\t\t<\/a>\n\t\t\t\t\t\t\t<meta itemprop=\"width\" content=\"300\" \/>\n\t\t\t<meta itemprop=\"height\" content=\"120\" \/>\n\t\t\t\t<a\n\t\t\thref=\"http:\/\/agency-11.com\/wp-content\/uploads\/2019\/11\/living-room-6-update-2-1024x576.jpg\"\n\t\t\t\t\t\trel=\"nofollow\" data-fancybox=\"images\" \n\t\t\ttitle=\"Wohnzimmer 6, Update 2\" \n\t\t\t\t\t\tdata-caption=\"Surrounded by elegance and luxury. - 3D Architectural Visualisation\"\n\t\t\t\t\t\tdata-description=\"\" \n\t\t\titemprop=\"contentUrl\"\n\t\t>\n\t\t<img decoding=\"async\" src=\"http:\/\/agency-11.com\/wp-content\/uploads\/2019\/11\/living-room-6-update-2-300x169.jpg\" alt=\"Surrounded by elegance and luxury - 3D Architectural Visualisation\" data-no-lazy=\"1\" itemprop=\"thumbnail\" \/>\n\t\t\t<!-- Overlay Wrapper -->\n\t\t\t <!-- Overlay Wrapper Closed -->\n\t\t\t\t<\/a>\n\t\t\t\t\t\t\t<meta itemprop=\"width\" content=\"300\" \/>\n\t\t\t<meta itemprop=\"height\" content=\"169\" \/>\n\t\t\t\t<a\n\t\t\thref=\"http:\/\/agency-11.com\/wp-content\/uploads\/2019\/11\/living-room-3-update-2-a-1024x576.jpg\"\n\t\t\t\t\t\trel=\"nofollow\" data-fancybox=\"images\" \n\t\t\ttitle=\"Wohnzimmer 3, Update 2a\" \n\t\t\t\t\t\tdata-caption=\"Open-plan ground floor with gallery. - 3D Architectural Visualisation\"\n\t\t\t\t\t\tdata-description=\"3D Rendering\" \n\t\t\titemprop=\"contentUrl\"\n\t\t>\n\t\t<img decoding=\"async\" src=\"http:\/\/agency-11.com\/wp-content\/uploads\/2019\/11\/living-room-3-update-2-a-300x169.jpg\" alt=\"Open-plan ground floor\" data-no-lazy=\"1\" itemprop=\"thumbnail\" \/>\n\t\t\t<!-- Overlay Wrapper -->\n\t\t\t <!-- Overlay Wrapper Closed -->\n\t\t\t\t<\/a>\n\t\t\t\t\t\t\t<meta itemprop=\"width\" content=\"300\" \/>\n\t\t\t<meta itemprop=\"height\" content=\"169\" \/>\n\t\t\t\t<a\n\t\t\thref=\"http:\/\/agency-11.com\/wp-content\/uploads\/2019\/11\/living-room-4-update-2-b-1024x576.jpg\"\n\t\t\t\t\t\trel=\"nofollow\" data-fancybox=\"images\" \n\t\t\ttitle=\"Wohnzimmer 4, Update 2b\" \n\t\t\t\t\t\tdata-caption=\"Living rooms with Seaview. - 3D Architectural Visualisation\"\n\t\t\t\t\t\tdata-description=\"3D Rendering\" \n\t\t\titemprop=\"contentUrl\"\n\t\t>\n\t\t<img decoding=\"async\" src=\"http:\/\/agency-11.com\/wp-content\/uploads\/2019\/11\/living-room-4-update-2-b-300x169.jpg\" alt=\"3D Architectural Visualisation - Living rooms with Seaview\" data-no-lazy=\"1\" itemprop=\"thumbnail\" \/>\n\t\t\t<!-- Overlay Wrapper -->\n\t\t\t <!-- Overlay Wrapper Closed -->\n\t\t\t\t<\/a>\n\t\t\t\t\t\t\t<meta itemprop=\"width\" content=\"300\" \/>\n\t\t\t<meta itemprop=\"height\" content=\"169\" \/>\n\t\t\t\t<a\n\t\t\thref=\"http:\/\/agency-11.com\/wp-content\/uploads\/2019\/11\/detail-kitchen1.jpg\"\n\t\t\t\t\t\trel=\"nofollow\" data-fancybox=\"images\" \n\t\t\ttitle=\"Detailk\u00fcche1\" \n\t\t\t\t\t\tdata-caption=\"A sophisticated cooking experience with premium SieMatic kitchen. - 3D Rendering\"\n\t\t\t\t\t\tdata-description=\"\" \n\t\t\titemprop=\"contentUrl\"\n\t\t>\n\t\t<img decoding=\"async\" src=\"http:\/\/agency-11.com\/wp-content\/uploads\/2019\/11\/detail-kitchen1-240x300.jpg\" alt=\"Premium SieMatic kitchen - 3D Rendering\" data-no-lazy=\"1\" itemprop=\"thumbnail\" \/>\n\t\t\t<!-- Overlay Wrapper -->\n\t\t\t <!-- Overlay Wrapper Closed -->\n\t\t\t\t<\/a>\n\t\t\t\t\t\t\t<meta itemprop=\"width\" content=\"240\" \/>\n\t\t\t<meta itemprop=\"height\" content=\"300\" \/>\n\t\t\t\t<a\n\t\t\thref=\"http:\/\/agency-11.com\/wp-content\/uploads\/2019\/11\/detail-kitchen2.jpg\"\n\t\t\t\t\t\trel=\"nofollow\" data-fancybox=\"images\" \n\t\t\ttitle=\"Detailk\u00fcche2\" \n\t\t\t\t\t\tdata-caption=\"Premium SieMatic kitchen. - 3D Rendering\"\n\t\t\t\t\t\tdata-description=\"\" \n\t\t\titemprop=\"contentUrl\"\n\t\t>\n\t\t<img decoding=\"async\" src=\"http:\/\/agency-11.com\/wp-content\/uploads\/2019\/11\/detail-kitchen2-240x300.jpg\" alt=\"Premium SieMatic kitchen - 3D Rendering\" data-no-lazy=\"1\" itemprop=\"thumbnail\" \/>\n\t\t\t<!-- Overlay Wrapper -->\n\t\t\t <!-- Overlay Wrapper Closed -->\n\t\t\t\t<\/a>\n\t\t\t\t\t\t\t<meta itemprop=\"width\" content=\"240\" \/>\n\t\t\t<meta itemprop=\"height\" content=\"300\" \/>\n\t\t\t\t<a\n\t\t\thref=\"http:\/\/agency-11.com\/wp-content\/uploads\/2019\/11\/detail-living1.jpg\"\n\t\t\t\t\t\trel=\"nofollow\" data-fancybox=\"images\" \n\t\t\ttitle=\"detail-living1\" \n\t\t\t\t\t\tdata-caption=\"A sensuous and luxurious mood. - 3D Rendering\"\n\t\t\t\t\t\tdata-description=\"\" \n\t\t\titemprop=\"contentUrl\"\n\t\t>\n\t\t<img decoding=\"async\" src=\"http:\/\/agency-11.com\/wp-content\/uploads\/2019\/11\/detail-living1-240x300.jpg\" alt=\"A sensuous and luxurious mood - 3D Rendering\" data-no-lazy=\"1\" itemprop=\"thumbnail\" \/>\n\t\t\t<!-- Overlay Wrapper -->\n\t\t\t <!-- Overlay Wrapper Closed -->\n\t\t\t\t<\/a>\n\t\t\t\t\t\t\t<meta itemprop=\"width\" content=\"240\" \/>\n\t\t\t<meta itemprop=\"height\" content=\"300\" \/>\n\t\t\t\t<a\n\t\t\thref=\"http:\/\/agency-11.com\/wp-content\/uploads\/2019\/11\/detail-bath1.jpg\"\n\t\t\t\t\t\trel=\"nofollow\" data-fancybox=\"images\" \n\t\t\ttitle=\"Detail-Bad 1\" \n\t\t\t\t\t\tdata-caption=\"Luxurious and spacious interior. - 3D Rendering\"\n\t\t\t\t\t\tdata-description=\"\" \n\t\t\titemprop=\"contentUrl\"\n\t\t>\n\t\t<img decoding=\"async\" src=\"http:\/\/agency-11.com\/wp-content\/uploads\/2019\/11\/detail-bath1-240x300.jpg\" alt=\"Luxurious and spacious interior - 3D Rendering\" data-no-lazy=\"1\" itemprop=\"thumbnail\" \/>\n\t\t\t<!-- Overlay Wrapper -->\n\t\t\t <!-- Overlay Wrapper Closed -->\n\t\t\t\t<\/a>\n\t\t\t\t\t\t\t<meta itemprop=\"width\" content=\"240\" \/>\n\t\t\t<meta itemprop=\"height\" content=\"300\" \/>\n\t\t\t\t<a\n\t\t\thref=\"http:\/\/agency-11.com\/wp-content\/uploads\/2019\/11\/detail-bath2.jpg\"\n\t\t\t\t\t\trel=\"nofollow\" data-fancybox=\"images\" \n\t\t\ttitle=\"Detail-Bad 2\" \n\t\t\t\t\t\tdata-caption=\"Sophisticated interior. - 3D Rendering\"\n\t\t\t\t\t\tdata-description=\"\" \n\t\t\titemprop=\"contentUrl\"\n\t\t>\n\t\t<img decoding=\"async\" src=\"http:\/\/agency-11.com\/wp-content\/uploads\/2019\/11\/detail-bath2-240x300.jpg\" alt=\"Sophisticated interior - 3D Architectural Visualisation\" data-no-lazy=\"1\" itemprop=\"thumbnail\" \/>\n\t\t\t<!-- Overlay Wrapper -->\n\t\t\t <!-- Overlay Wrapper Closed -->\n\t\t\t\t<\/a>\n\t\t\t\t\t\t\t<meta itemprop=\"width\" content=\"240\" \/>\n\t\t\t<meta itemprop=\"height\" content=\"300\" \/>\n\t\t\t\t<a\n\t\t\thref=\"http:\/\/agency-11.com\/wp-content\/uploads\/2019\/11\/detail-dining1.jpg\"\n\t\t\t\t\t\trel=\"nofollow\" data-fancybox=\"images\" \n\t\t\ttitle=\"detail-dining1\" \n\t\t\t\t\t\tdata-caption=\"Dining room with stunning interior design.\"\n\t\t\t\t\t\tdata-description=\"3D Architectural Visualisation\" \n\t\t\titemprop=\"contentUrl\"\n\t\t>\n\t\t<img decoding=\"async\" src=\"http:\/\/agency-11.com\/wp-content\/uploads\/2019\/11\/detail-dining1-240x300.jpg\" alt=\"Interior design - 3D Architectural Visualisation\" data-no-lazy=\"1\" itemprop=\"thumbnail\" \/>\n\t\t\t<!-- Overlay Wrapper -->\n\t\t\t <!-- Overlay Wrapper Closed -->\n\t\t\t\t<\/a>\n\t\t\t\t\t\t\t<meta itemprop=\"width\" content=\"240\" \/>\n\t\t\t<meta itemprop=\"height\" content=\"300\" \/>\n\t\t\t\t<a\n\t\t\thref=\"http:\/\/agency-11.com\/wp-content\/uploads\/2019\/11\/VillaMarvella-kitchen01-1024x597.jpg\"\n\t\t\t\t\t\trel=\"nofollow\" data-fancybox=\"images\" \n\t\t\ttitle=\"VillaMarvella-K\u00fcche01\" \n\t\t\t\t\t\tdata-caption=\"Cooking experience with premium SieMatic kitchen. - 3D Rendering\"\n\t\t\t\t\t\tdata-description=\"3D Architectural Visualisation\" \n\t\t\titemprop=\"contentUrl\"\n\t\t>\n\t\t<img decoding=\"async\" src=\"http:\/\/agency-11.com\/wp-content\/uploads\/2019\/11\/VillaMarvella-kitchen01-300x175.jpg\" alt=\"Cooking experience with premium SieMatic kitchen\" data-no-lazy=\"1\" itemprop=\"thumbnail\" \/>\n\t\t\t<!-- Overlay Wrapper -->\n\t\t\t <!-- Overlay Wrapper Closed -->\n\t\t\t\t<\/a>\n\t\t\t\t\t\t\t<meta itemprop=\"width\" content=\"300\" \/>\n\t\t\t<meta itemprop=\"height\" content=\"175\" \/>\n\t\t\t\t<a\n\t\t\thref=\"http:\/\/agency-11.com\/wp-content\/uploads\/2019\/11\/masterBed1-3-1024x576.jpg\"\n\t\t\t\t\t\trel=\"nofollow\" data-fancybox=\"images\" \n\t\t\ttitle=\"Hauptschlafzimmer 1-3\" \n\t\t\t\t\t\tdata-caption=\"Bedrooms with Seaview - 3D Rendering\"\n\t\t\t\t\t\tdata-description=\"3D Architectural Visualisation\" \n\t\t\titemprop=\"contentUrl\"\n\t\t>\n\t\t<img decoding=\"async\" src=\"http:\/\/agency-11.com\/wp-content\/uploads\/2019\/11\/masterBed1-3-300x169.jpg\" alt=\"Bedrooms with Seaview - 3D Architectural Visualisation\" data-no-lazy=\"1\" itemprop=\"thumbnail\" \/>\n\t\t\t<!-- Overlay Wrapper -->\n\t\t\t <!-- Overlay Wrapper Closed -->\n\t\t\t\t<\/a>\n\t\t\t\t\t\t\t<meta itemprop=\"width\" content=\"300\" \/>\n\t\t\t<meta itemprop=\"height\" content=\"169\" \/>\n\t\t\t\t<a\n\t\t\thref=\"http:\/\/agency-11.com\/wp-content\/uploads\/2019\/11\/villaMarvella-01-1024x410.jpg\"\n\t\t\t\t\t\trel=\"nofollow\" data-fancybox=\"images\" \n\t\t\ttitle=\"villaMarvella-01\" \n\t\t\t\t\t\tdata-caption=\"3D Architectural Visualisation - Luxury beachfront villa.\"\n\t\t\t\t\t\tdata-description=\"3D Rendering\" \n\t\t\titemprop=\"contentUrl\"\n\t\t>\n\t\t<img decoding=\"async\" src=\"http:\/\/agency-11.com\/wp-content\/uploads\/2019\/11\/villaMarvella-01-300x120.jpg\" alt=\"3D Rendering\" data-no-lazy=\"1\" itemprop=\"thumbnail\" \/>\n\t\t\t<!-- Overlay Wrapper -->\n\t\t\t <!-- Overlay Wrapper Closed -->\n\t\t\t\t<\/a>\n\t\t\t\t\t\t\t<meta itemprop=\"width\" content=\"300\" \/>\n\t\t\t<meta itemprop=\"height\" content=\"120\" \/>\n\t\t\t\t<a\n\t\t\thref=\"http:\/\/agency-11.com\/wp-content\/uploads\/2019\/11\/VillaValiosa-kitchen03-1024x576.jpg\"\n\t\t\t\t\t\trel=\"nofollow\" data-fancybox=\"images\" \n\t\t\ttitle=\"VillaValiosa-K\u00fcche03\" \n\t\t\t\t\t\tdata-caption=\"Modern style and luxurious furnishings. - 3D Architectural Visualisation\"\n\t\t\t\t\t\tdata-description=\"3D Architectural Visualisation\" \n\t\t\titemprop=\"contentUrl\"\n\t\t>\n\t\t<img decoding=\"async\" src=\"http:\/\/agency-11.com\/wp-content\/uploads\/2019\/11\/VillaValiosa-kitchen03-300x169.jpg\" alt=\"Modern style and luxurious furnishings\" data-no-lazy=\"1\" itemprop=\"thumbnail\" \/>\n\t\t\t<!-- Overlay Wrapper -->\n\t\t\t <!-- Overlay Wrapper Closed -->\n\t\t\t\t<\/a>\n\t\t\t\t\t\t\t<meta itemprop=\"width\" content=\"300\" \/>\n\t\t\t<meta itemprop=\"height\" content=\"169\" \/>\n\t\t\t\t<a\n\t\t\thref=\"http:\/\/agency-11.com\/wp-content\/uploads\/2019\/11\/final-2.Denoiser-1024x576.jpg\"\n\t\t\t\t\t\trel=\"nofollow\" data-fancybox=\"images\" \n\t\t\ttitle=\"final 2.Denoising\" \n\t\t\t\t\t\tdata-caption=\"Outside lounge area with stunning design. - 3D Architectural Visualisation\"\n\t\t\t\t\t\tdata-description=\"3D Architectural Visualisation\" \n\t\t\titemprop=\"contentUrl\"\n\t\t>\n\t\t<img decoding=\"async\" src=\"http:\/\/agency-11.com\/wp-content\/uploads\/2019\/11\/final-2.Denoiser-300x169.jpg\" alt=\"Outside lounge area - 3D Architectural Visualisation\" data-no-lazy=\"1\" itemprop=\"thumbnail\" \/>\n\t\t\t<!-- Overlay Wrapper -->\n\t\t\t <!-- Overlay Wrapper Closed -->\n\t\t\t\t<\/a>\n\t\t\t\t\t\t\t<meta itemprop=\"width\" content=\"300\" \/>\n\t\t\t<meta itemprop=\"height\" content=\"169\" \/>\n\t\t\t\t<a\n\t\t\thref=\"http:\/\/agency-11.com\/wp-content\/uploads\/2019\/11\/final-3.Denoiser-1024x576.jpg\"\n\t\t\t\t\t\trel=\"nofollow\" data-fancybox=\"images\" \n\t\t\ttitle=\"final 3.Denoising\" \n\t\t\t\t\t\tdata-caption=\"Outside lounge area at night. - 3D Architectural Visualisation\"\n\t\t\t\t\t\tdata-description=\"3D Architectural Visualisation\" \n\t\t\titemprop=\"contentUrl\"\n\t\t>\n\t\t<img decoding=\"async\" src=\"http:\/\/agency-11.com\/wp-content\/uploads\/2019\/11\/final-3.Denoiser-300x169.jpg\" alt=\"Outside lounge area at night\" data-no-lazy=\"1\" itemprop=\"thumbnail\" \/>\n\t\t\t<!-- Overlay Wrapper -->\n\t\t\t <!-- Overlay Wrapper Closed -->\n\t\t\t\t<\/a>\n\t\t\t\t\t\t\t<meta itemprop=\"width\" content=\"300\" \/>\n\t\t\t<meta itemprop=\"height\" content=\"169\" \/>","protected":false},"excerpt":{"rendered":"<p>3D arhitekturna vizualizacija O\u017eivite koncepte. Na\u0161e arhitekturne vizualizacije odlikujejo izjemen realizem in osupljiva kompozicija. Visokokakovostne arhitekturne storitve 3D upodabljanja za stanovanjske, poslovne ali institucionalne objekte. ve\u010d o tem 3D arhitekturna realnost Skrajen realizem in pravilna kompozicija Arhitekturno upodabljanje ali vizualizacija je umetnost ustvarjanja dvodimenzionalnih in tridimenzionalnih slik, ki prikazujejo atribute predlagane arhitekturne zasnove. 3D vizualizacijo &#8230; <a title=\"SLO 3D Architekturvisualisierung\" class=\"read-more\" href=\"https:\/\/agency-11.com\/de\/3d-arhitekturna-vizualizacija\/\" aria-label=\"Mehr Informationen \u00fcber SLO 3D Architectural Visualization\">Weiterlesen<\/a><\/p>","protected":false},"author":2,"featured_media":0,"parent":0,"menu_order":0,"comment_status":"closed","ping_status":"closed","template":"","meta":{"_acf_changed":false,"inline_featured_image":false,"footnotes":""},"class_list":["post-535","page","type-page","status-publish"],"acf":[],"_links":{"self":[{"href":"https:\/\/agency-11.com\/de\/wp-json\/wp\/v2\/pages\/535","targetHints":{"allow":["GET"]}}],"collection":[{"href":"https:\/\/agency-11.com\/de\/wp-json\/wp\/v2\/pages"}],"about":[{"href":"https:\/\/agency-11.com\/de\/wp-json\/wp\/v2\/types\/page"}],"author":[{"embeddable":true,"href":"https:\/\/agency-11.com\/de\/wp-json\/wp\/v2\/users\/2"}],"replies":[{"embeddable":true,"href":"https:\/\/agency-11.com\/de\/wp-json\/wp\/v2\/comments?post=535"}],"version-history":[{"count":0,"href":"https:\/\/agency-11.com\/de\/wp-json\/wp\/v2\/pages\/535\/revisions"}],"wp:attachment":[{"href":"https:\/\/agency-11.com\/de\/wp-json\/wp\/v2\/media?parent=535"}],"curies":[{"name":"wp","href":"https:\/\/api.w.org\/{rel}","templated":true}]}}