{"id":776,"date":"2019-12-05T13:13:03","date_gmt":"2019-12-05T13:13:03","guid":{"rendered":"https:\/\/agency-11.com\/about-copy\/"},"modified":"2020-09-23T10:20:42","modified_gmt":"2020-09-23T10:20:42","slug":"insights","status":"publish","type":"page","link":"https:\/\/agency-11.com\/de\/insights\/","title":{"rendered":"Einblicke"},"content":{"rendered":"<h1>Einblicke &amp; Artikel<\/h1>\n<p>Hier k\u00f6nnen Sie n\u00fctzliche Einblicke und allgemeine Artikel zu Web- und Kreativit\u00e4tsthemen teilen.<\/p>\n\t<meta itemscope itemprop=\"mainEntityOfPage\" itemtype=\"https:\/\/schema.org\/WebPage\" itemid=\"https:\/\/agency-11.com\/en\/what-are-the-benefits-of-mobile-website-design-compared-to-apps\/\" content=\"What are the benefits of mobile website design compared to apps?\" \/><meta itemprop=\"datePublished\" content=\"2020-09-06\" \/><meta itemprop=\"dateModified\" content=\"2020-09-23\" \/><meta itemprop=\"name\" content=\"Agency 11 - Digital Design Agency\"><meta itemprop=\"url\" content=\"https:\/\/agency-11.com\/en\/author\/uros\/\" \/><meta itemprop=\"name\" content=\"uros\" \/><meta itemprop=\"url\" content=\"https:\/\/agency-11.com\/wp-content\/uploads\/2019\/12\/blog1011e.jpg\" \/><meta itemprop=\"width\" content=\"1200\" \/><meta itemprop=\"height\" content=\"800\" \/><meta itemprop=\"interactionType\" content=\"https:\/\/schema.org\/CommentAction\" \/><meta itemprop=\"userInteractionCount\" content=\"0\" \/>\n\t\t\t\t\t<a href=\"https:\/\/agency-11.com\/en\/what-are-the-benefits-of-mobile-website-design-compared-to-apps\/\" title=\"Welche Vorteile bietet mobiles Webseitendesign im Vergleich zu Apps?\"><\/a>\n\t\t\t\t<img loading=\"lazy\" decoding=\"async\" src=\"https:\/\/agency-11.com\/wp-content\/uploads\/2019\/12\/blog1011e-1024x683.jpg\" alt=\"blog1011e\" itemprop=\"image\" data-no-lazy=\"1\" height=\"683\" width=\"1024\" title=\"blog1011e\" onerror=\"this.style.display='none'\"  \/>\n\t\t\t\t\t\t\t\t\t<h3 itemprop=\"headline\">\n\t\t\t\t\t\t\t\t\t\t\t\t\t\tWelche Vorteile bietet mobiles Webseitendesign im Vergleich zu Apps?\t\t\t\t\t\t\t\t\t\t\t<\/h3>\n\t<meta itemscope itemprop=\"mainEntityOfPage\" itemtype=\"https:\/\/schema.org\/WebPage\" itemid=\"https:\/\/agency-11.com\/en\/frequently-asked-questions-about-3d-architectural-renderings-by-our-clients\/\" content=\"Frequently Asked Questions about 3D Architectural Rendering by our Clients\" \/><meta itemprop=\"datePublished\" content=\"2020-08-05\" \/><meta itemprop=\"dateModified\" content=\"2020-09-23\" \/><meta itemprop=\"name\" content=\"Agency 11 - Digital Design Agency\"><meta itemprop=\"url\" content=\"https:\/\/agency-11.com\/en\/author\/uros\/\" \/><meta itemprop=\"name\" content=\"uros\" \/><meta itemprop=\"url\" content=\"https:\/\/agency-11.com\/wp-content\/uploads\/2019\/11\/villaMarvella-01.jpg\" \/><meta itemprop=\"width\" content=\"1950\" \/><meta itemprop=\"height\" content=\"780\" \/><meta itemprop=\"interactionType\" content=\"https:\/\/schema.org\/CommentAction\" \/><meta itemprop=\"userInteractionCount\" content=\"0\" \/>\n\t\t\t\t\t<a href=\"https:\/\/agency-11.com\/en\/frequently-asked-questions-about-3d-architectural-renderings-by-our-clients\/\" title=\"H\u00e4ufig gestellte Fragen unserer Kunden zur 3D-Architekturvisualisierung\"><\/a>\n\t\t\t\t<img loading=\"lazy\" decoding=\"async\" src=\"https:\/\/agency-11.com\/wp-content\/uploads\/2019\/11\/villaMarvella-01-1024x410.jpg\" alt=\"3D Rendering\" itemprop=\"image\" data-no-lazy=\"1\" height=\"410\" width=\"1024\" title=\"villaMarvella-01\" onerror=\"this.style.display='none'\"  \/>\n\t\t\t\t\t\t\t\t\t<h3 itemprop=\"headline\">\n\t\t\t\t\t\t\t\t\t\t\t\t\t\tH\u00e4ufig gestellte Fragen unserer Kunden zur 3D-Architekturvisualisierung\t\t\t\t\t\t\t\t\t\t\t<\/h3>\n\t<meta itemscope itemprop=\"mainEntityOfPage\" itemtype=\"https:\/\/schema.org\/WebPage\" itemid=\"https:\/\/agency-11.com\/en\/3d-rendering-and-3d-architectural-visualisation\/\" content=\"3D Rendering and 3D Architectural visualisation\" \/><meta itemprop=\"datePublished\" content=\"2020-05-01\" \/><meta itemprop=\"dateModified\" content=\"2020-09-23\" \/><meta itemprop=\"name\" content=\"Agency 11 - Digital Design Agency\"><meta itemprop=\"url\" content=\"https:\/\/agency-11.com\/en\/author\/uros\/\" \/><meta itemprop=\"name\" content=\"uros\" \/><meta itemprop=\"url\" content=\"https:\/\/agency-11.com\/wp-content\/uploads\/2019\/11\/living-room-6-update-2.jpg\" \/><meta itemprop=\"width\" content=\"1244\" \/><meta itemprop=\"height\" content=\"700\" \/><meta itemprop=\"interactionType\" content=\"https:\/\/schema.org\/CommentAction\" \/><meta itemprop=\"userInteractionCount\" content=\"0\" \/>\n\t\t\t\t\t<a href=\"https:\/\/agency-11.com\/en\/3d-rendering-and-3d-architectural-visualisation\/\" title=\"3D-Rendering und 3D-Architekturvisualisierung\"><\/a>\n\t\t\t\t<img loading=\"lazy\" decoding=\"async\" src=\"https:\/\/agency-11.com\/wp-content\/uploads\/2019\/11\/living-room-6-update-2-1024x576.jpg\" alt=\"Surrounded by elegance and luxury - 3D Architectural Visualisation\" itemprop=\"image\" data-no-lazy=\"1\" height=\"576\" width=\"1024\" title=\"Wohnzimmer 6, Update 2\" onerror=\"this.style.display='none'\"  \/>\n\t\t\t\t\t\t\t\t\t<h3 itemprop=\"headline\">\n\t\t\t\t\t\t\t\t\t\t\t\t\t\t3D-Rendering und 3D-Architekturvisualisierung\t\t\t\t\t\t\t\t\t\t\t<\/h3>\n\t\t<!-- .pp-content-posts -->\n\t<h2>Alles beginnt mit Ihrer Idee.<\/h2>\n<p>Unser Prozess beginnt stets damit, Ihren Zweck zu erkennen und sich daran auszurichten. Durch strategisches Design schaffen wir Systeme mit einem beeindruckenden, intuitiven Design, das f\u00fcr die Funktionalit\u00e4t Ihres Produkts und Ihre Markenbotschaft unerl\u00e4sslich ist.<\/p>","protected":false},"excerpt":{"rendered":"<p>Insights &amp; articles Our place to share useful insights and general articles on web- and creativity-related topics What are the benefits of mobile website design compared to apps? Frequently Asked Questions about 3D Architectural Rendering by our Clients 3D Rendering and 3D Architectural visualisation It all begins with your idea. Our process always starts with &#8230; <a title=\"Einblicke\" class=\"read-more\" href=\"https:\/\/agency-11.com\/de\/insights\/\" aria-label=\"Mehr Informationen \u00fcber Insights\">Weiterlesen<\/a><\/p>","protected":false},"author":1,"featured_media":0,"parent":0,"menu_order":0,"comment_status":"closed","ping_status":"closed","template":"","meta":{"_acf_changed":false,"inline_featured_image":false,"footnotes":""},"class_list":["post-776","page","type-page","status-publish"],"acf":[],"_links":{"self":[{"href":"https:\/\/agency-11.com\/de\/wp-json\/wp\/v2\/pages\/776","targetHints":{"allow":["GET"]}}],"collection":[{"href":"https:\/\/agency-11.com\/de\/wp-json\/wp\/v2\/pages"}],"about":[{"href":"https:\/\/agency-11.com\/de\/wp-json\/wp\/v2\/types\/page"}],"author":[{"embeddable":true,"href":"https:\/\/agency-11.com\/de\/wp-json\/wp\/v2\/users\/1"}],"replies":[{"embeddable":true,"href":"https:\/\/agency-11.com\/de\/wp-json\/wp\/v2\/comments?post=776"}],"version-history":[{"count":0,"href":"https:\/\/agency-11.com\/de\/wp-json\/wp\/v2\/pages\/776\/revisions"}],"wp:attachment":[{"href":"https:\/\/agency-11.com\/de\/wp-json\/wp\/v2\/media?parent=776"}],"curies":[{"name":"wp","href":"https:\/\/api.w.org\/{rel}","templated":true}]}}